{"id":985,"date":"2022-03-29T01:26:44","date_gmt":"2022-03-29T01:26:44","guid":{"rendered":"https:\/\/incie.org\/latam\/?page_id=985"},"modified":"2025-12-16T13:44:35","modified_gmt":"2025-12-16T13:44:35","slug":"business-programs","status":"publish","type":"page","link":"https:\/\/incie.org\/latam\/business-programs\/","title":{"rendered":"Business Programs"},"content":{"rendered":"\n<h1 class=\"wp-block-heading\" style=\"font-style:normal;font-weight:300\">Para lograr que una empresa sea <strong>exitosa, l\u00edder y duradera<\/strong> es necesario hacerla competitiva e innovadora.<\/h1>\n\n\n\n<h3 class=\"wp-block-heading\" style=\"font-style:normal;font-weight:700\">Business Programs<\/h3>\n\n\n\n<p class=\"\">Hacer una empresa competitiva se enfoca en la estructura de esta, sus procesos, recursos y sistemas de trabajo, la innovaci\u00f3n se enfoca en una visi\u00f3n actualizada con la vista siempre en el futuro y los cambios constantes del ecosistema comercial.<\/p>\n\n\n\n<figure class=\"wp-block-image size-full\"><img data-recalc-dims=\"1\" decoding=\"async\" width=\"720\" height=\"316\" loading=\"lazy\" src=\"https:\/\/i0.wp.com\/incie.org\/latam\/wp-content\/uploads\/2022\/04\/n006.jpg?resize=720%2C316&#038;ssl=1\" alt=\"\" class=\"wp-image-1397\" srcset=\"https:\/\/i0.wp.com\/incie.org\/latam\/wp-content\/uploads\/2022\/04\/n006.jpg?w=720&amp;ssl=1 720w, https:\/\/i0.wp.com\/incie.org\/latam\/wp-content\/uploads\/2022\/04\/n006.jpg?resize=300%2C132&amp;ssl=1 300w, https:\/\/i0.wp.com\/incie.org\/latam\/wp-content\/uploads\/2022\/04\/n006.jpg?resize=600%2C263&amp;ssl=1 600w\" sizes=\"auto, (max-width: 720px) 100vw, 720px\" \/><\/figure>\n\n\n\n<p class=\"\">Junto a nuestros especialistas de todo el mundo podemos ayudarle con nuestros seis programas enfocados en competitividad e innovaci\u00f3n, usted puede implementar en su negocio y llevar su empresa al siguiente nivel junto con los cambios y demandas del mundo actual y futuro.<\/p>\n\n\n\n<p class=\"\">Nuestros Programas Empresariales Especializados (PES), trabajan las seis \u00e1reas dentro y fuera de una empresa que puede afecta de forma positiva o negativa el crecimiento de esta.<\/p>\n\n\n\n<p class=\"\">Nuestros programas involucran a toda su compa\u00f1\u00eda buscando eficientizar los recursos disponibles y sacar la m\u00e1xima rentabilidad de los diferentes departamentos.<\/p>\n\n\n\n<p class=\"\">Los programas son implementables para todo tipo de empresa de cualquier actividad econ\u00f3mica y de cualquier tama\u00f1o.<\/p>\n\n\n\n<h2 class=\"wp-block-heading\" style=\"font-style:normal;font-weight:300\">Deseamos que tenga \u00e9xito en sus negocios y que su legado perdure en el tiempo entre las generaciones, pero lo que m\u00e1s <strong>deseamos es hacer del mundo un lugar mejor para vivir y m\u00e1s sostenible.<\/strong><\/h2>\n\n\n\n<p class=\"\">Usted puede obtener una presentaci\u00f3n de nuestros programas para hacer su compa\u00f1\u00eda m\u00e1s competitiva, innovadora. Disponemos de un equipo especializado listo par ayudarle con mucho gusto, programe una visita personalizada de uno de nuestros representantes en su pa\u00eds, haga su cita envi\u00e1ndonos sus datos <a href=\"https:\/\/incie.org\/latam\/contactenos\/\">aqu\u00ed<\/a><\/p>\n\n\n\n<div style=\"height:60px\" aria-hidden=\"true\" class=\"wp-block-spacer\"><\/div>\n","protected":false},"excerpt":{"rendered":"<p>Para lograr que una empresa sea exitosa, l\u00edder y duradera\u2026<\/p>\n","protected":false},"author":1,"featured_media":0,"parent":0,"menu_order":0,"comment_status":"closed","ping_status":"closed","template":"","meta":{"nf_dc_page":"","om_disable_all_campaigns":false,"footnotes":""},"class_list":["post-985","page","type-page","status-publish","hentry"],"yoast_head":"<!-- This site is optimized with the Yoast SEO plugin v27.5 - https:\/\/yoast.com\/product\/yoast-seo-wordpress\/ -->\n<title>Business Programs - Instituto para la competitividad, Innovaci\u00f3n y Desarrollo Empresarial<\/title>\n<meta name=\"robots\" content=\"index, follow, max-snippet:-1, max-image-preview:large, max-video-preview:-1\" \/>\n<link rel=\"canonical\" href=\"https:\/\/incie.org\/latam\/business-programs\/\" \/>\n<meta property=\"og:locale\" content=\"es_ES\" \/>\n<meta property=\"og:type\" content=\"article\" \/>\n<meta property=\"og:title\" content=\"Business Programs - Instituto para la competitividad, Innovaci\u00f3n y Desarrollo Empresarial\" \/>\n<meta property=\"og:description\" content=\"Para lograr que una empresa sea exitosa, l\u00edder y duradera\u2026\" \/>\n<meta property=\"og:url\" content=\"https:\/\/incie.org\/latam\/business-programs\/\" \/>\n<meta property=\"og:site_name\" content=\"Instituto para la competitividad, Innovaci\u00f3n y Desarrollo Empresarial\" \/>\n<meta property=\"article:modified_time\" content=\"2025-12-16T13:44:35+00:00\" \/>\n<meta property=\"og:image\" content=\"https:\/\/incie.org\/latam\/wp-content\/uploads\/2022\/04\/n006.jpg\" \/>\n<meta name=\"twitter:card\" content=\"summary_large_image\" \/>\n<meta name=\"twitter:label1\" content=\"Tiempo de lectura\" \/>\n\t<meta name=\"twitter:data1\" content=\"2 minutos\" \/>\n<script type=\"application\/ld+json\" class=\"yoast-schema-graph\">{\"@context\":\"https:\\\/\\\/schema.org\",\"@graph\":[{\"@type\":\"WebPage\",\"@id\":\"https:\\\/\\\/incie.org\\\/latam\\\/business-programs\\\/\",\"url\":\"https:\\\/\\\/incie.org\\\/latam\\\/business-programs\\\/\",\"name\":\"Business Programs - Instituto para la competitividad, Innovaci\u00f3n y Desarrollo Empresarial\",\"isPartOf\":{\"@id\":\"https:\\\/\\\/incie.org\\\/latam\\\/#website\"},\"primaryImageOfPage\":{\"@id\":\"https:\\\/\\\/incie.org\\\/latam\\\/business-programs\\\/#primaryimage\"},\"image\":{\"@id\":\"https:\\\/\\\/incie.org\\\/latam\\\/business-programs\\\/#primaryimage\"},\"thumbnailUrl\":\"https:\\\/\\\/incie.org\\\/latam\\\/wp-content\\\/uploads\\\/2022\\\/04\\\/n006.jpg\",\"datePublished\":\"2022-03-29T01:26:44+00:00\",\"dateModified\":\"2025-12-16T13:44:35+00:00\",\"breadcrumb\":{\"@id\":\"https:\\\/\\\/incie.org\\\/latam\\\/business-programs\\\/#breadcrumb\"},\"inLanguage\":\"es\",\"potentialAction\":[{\"@type\":\"ReadAction\",\"target\":[\"https:\\\/\\\/incie.org\\\/latam\\\/business-programs\\\/\"]}]},{\"@type\":\"ImageObject\",\"inLanguage\":\"es\",\"@id\":\"https:\\\/\\\/incie.org\\\/latam\\\/business-programs\\\/#primaryimage\",\"url\":\"https:\\\/\\\/i0.wp.com\\\/incie.org\\\/latam\\\/wp-content\\\/uploads\\\/2022\\\/04\\\/n006.jpg?fit=720%2C316&ssl=1\",\"contentUrl\":\"https:\\\/\\\/i0.wp.com\\\/incie.org\\\/latam\\\/wp-content\\\/uploads\\\/2022\\\/04\\\/n006.jpg?fit=720%2C316&ssl=1\",\"width\":720,\"height\":316},{\"@type\":\"BreadcrumbList\",\"@id\":\"https:\\\/\\\/incie.org\\\/latam\\\/business-programs\\\/#breadcrumb\",\"itemListElement\":[{\"@type\":\"ListItem\",\"position\":1,\"name\":\"Home\",\"item\":\"https:\\\/\\\/incie.org\\\/latam\\\/\"},{\"@type\":\"ListItem\",\"position\":2,\"name\":\"Business Programs\"}]},{\"@type\":\"WebSite\",\"@id\":\"https:\\\/\\\/incie.org\\\/latam\\\/#website\",\"url\":\"https:\\\/\\\/incie.org\\\/latam\\\/\",\"name\":\"Instituto para la competitividad, Innovaci\u00f3n y Desarrollo Empresarial\",\"description\":\"\",\"publisher\":{\"@id\":\"https:\\\/\\\/incie.org\\\/latam\\\/#organization\"},\"potentialAction\":[{\"@type\":\"SearchAction\",\"target\":{\"@type\":\"EntryPoint\",\"urlTemplate\":\"https:\\\/\\\/incie.org\\\/latam\\\/?s={search_term_string}\"},\"query-input\":{\"@type\":\"PropertyValueSpecification\",\"valueRequired\":true,\"valueName\":\"search_term_string\"}}],\"inLanguage\":\"es\"},{\"@type\":\"Organization\",\"@id\":\"https:\\\/\\\/incie.org\\\/latam\\\/#organization\",\"name\":\"Instituto para la competitividad, Innovaci\u00f3n y Desarrollo Empresarial\",\"url\":\"https:\\\/\\\/incie.org\\\/latam\\\/\",\"logo\":{\"@type\":\"ImageObject\",\"inLanguage\":\"es\",\"@id\":\"https:\\\/\\\/incie.org\\\/latam\\\/#\\\/schema\\\/logo\\\/image\\\/\",\"url\":\"https:\\\/\\\/i0.wp.com\\\/incie.org\\\/latam\\\/wp-content\\\/uploads\\\/2025\\\/12\\\/cropped-LOGOO-INCIE-AZUL-01-P.png?fit=185%2C45&ssl=1\",\"contentUrl\":\"https:\\\/\\\/i0.wp.com\\\/incie.org\\\/latam\\\/wp-content\\\/uploads\\\/2025\\\/12\\\/cropped-LOGOO-INCIE-AZUL-01-P.png?fit=185%2C45&ssl=1\",\"width\":185,\"height\":45,\"caption\":\"Instituto para la competitividad, Innovaci\u00f3n y Desarrollo Empresarial\"},\"image\":{\"@id\":\"https:\\\/\\\/incie.org\\\/latam\\\/#\\\/schema\\\/logo\\\/image\\\/\"}}]}<\/script>\n<!-- \/ Yoast SEO plugin. -->","yoast_head_json":{"title":"Business Programs - Instituto para la competitividad, Innovaci\u00f3n y Desarrollo Empresarial","robots":{"index":"index","follow":"follow","max-snippet":"max-snippet:-1","max-image-preview":"max-image-preview:large","max-video-preview":"max-video-preview:-1"},"canonical":"https:\/\/incie.org\/latam\/business-programs\/","og_locale":"es_ES","og_type":"article","og_title":"Business Programs - Instituto para la competitividad, Innovaci\u00f3n y Desarrollo Empresarial","og_description":"Para lograr que una empresa sea exitosa, l\u00edder y duradera\u2026","og_url":"https:\/\/incie.org\/latam\/business-programs\/","og_site_name":"Instituto para la competitividad, Innovaci\u00f3n y Desarrollo Empresarial","article_modified_time":"2025-12-16T13:44:35+00:00","og_image":[{"url":"https:\/\/incie.org\/latam\/wp-content\/uploads\/2022\/04\/n006.jpg","type":"","width":"","height":""}],"twitter_card":"summary_large_image","twitter_misc":{"Tiempo de lectura":"2 minutos"},"schema":{"@context":"https:\/\/schema.org","@graph":[{"@type":"WebPage","@id":"https:\/\/incie.org\/latam\/business-programs\/","url":"https:\/\/incie.org\/latam\/business-programs\/","name":"Business Programs - Instituto para la competitividad, Innovaci\u00f3n y Desarrollo Empresarial","isPartOf":{"@id":"https:\/\/incie.org\/latam\/#website"},"primaryImageOfPage":{"@id":"https:\/\/incie.org\/latam\/business-programs\/#primaryimage"},"image":{"@id":"https:\/\/incie.org\/latam\/business-programs\/#primaryimage"},"thumbnailUrl":"https:\/\/incie.org\/latam\/wp-content\/uploads\/2022\/04\/n006.jpg","datePublished":"2022-03-29T01:26:44+00:00","dateModified":"2025-12-16T13:44:35+00:00","breadcrumb":{"@id":"https:\/\/incie.org\/latam\/business-programs\/#breadcrumb"},"inLanguage":"es","potentialAction":[{"@type":"ReadAction","target":["https:\/\/incie.org\/latam\/business-programs\/"]}]},{"@type":"ImageObject","inLanguage":"es","@id":"https:\/\/incie.org\/latam\/business-programs\/#primaryimage","url":"https:\/\/i0.wp.com\/incie.org\/latam\/wp-content\/uploads\/2022\/04\/n006.jpg?fit=720%2C316&ssl=1","contentUrl":"https:\/\/i0.wp.com\/incie.org\/latam\/wp-content\/uploads\/2022\/04\/n006.jpg?fit=720%2C316&ssl=1","width":720,"height":316},{"@type":"BreadcrumbList","@id":"https:\/\/incie.org\/latam\/business-programs\/#breadcrumb","itemListElement":[{"@type":"ListItem","position":1,"name":"Home","item":"https:\/\/incie.org\/latam\/"},{"@type":"ListItem","position":2,"name":"Business Programs"}]},{"@type":"WebSite","@id":"https:\/\/incie.org\/latam\/#website","url":"https:\/\/incie.org\/latam\/","name":"Instituto para la competitividad, Innovaci\u00f3n y Desarrollo Empresarial","description":"","publisher":{"@id":"https:\/\/incie.org\/latam\/#organization"},"potentialAction":[{"@type":"SearchAction","target":{"@type":"EntryPoint","urlTemplate":"https:\/\/incie.org\/latam\/?s={search_term_string}"},"query-input":{"@type":"PropertyValueSpecification","valueRequired":true,"valueName":"search_term_string"}}],"inLanguage":"es"},{"@type":"Organization","@id":"https:\/\/incie.org\/latam\/#organization","name":"Instituto para la competitividad, Innovaci\u00f3n y Desarrollo Empresarial","url":"https:\/\/incie.org\/latam\/","logo":{"@type":"ImageObject","inLanguage":"es","@id":"https:\/\/incie.org\/latam\/#\/schema\/logo\/image\/","url":"https:\/\/i0.wp.com\/incie.org\/latam\/wp-content\/uploads\/2025\/12\/cropped-LOGOO-INCIE-AZUL-01-P.png?fit=185%2C45&ssl=1","contentUrl":"https:\/\/i0.wp.com\/incie.org\/latam\/wp-content\/uploads\/2025\/12\/cropped-LOGOO-INCIE-AZUL-01-P.png?fit=185%2C45&ssl=1","width":185,"height":45,"caption":"Instituto para la competitividad, Innovaci\u00f3n y Desarrollo Empresarial"},"image":{"@id":"https:\/\/incie.org\/latam\/#\/schema\/logo\/image\/"}}]}},"jetpack_sharing_enabled":true,"_links":{"self":[{"href":"https:\/\/incie.org\/latam\/wp-json\/wp\/v2\/pages\/985","targetHints":{"allow":["GET"]}}],"collection":[{"href":"https:\/\/incie.org\/latam\/wp-json\/wp\/v2\/pages"}],"about":[{"href":"https:\/\/incie.org\/latam\/wp-json\/wp\/v2\/types\/page"}],"author":[{"embeddable":true,"href":"https:\/\/incie.org\/latam\/wp-json\/wp\/v2\/users\/1"}],"replies":[{"embeddable":true,"href":"https:\/\/incie.org\/latam\/wp-json\/wp\/v2\/comments?post=985"}],"version-history":[{"count":5,"href":"https:\/\/incie.org\/latam\/wp-json\/wp\/v2\/pages\/985\/revisions"}],"predecessor-version":[{"id":1913,"href":"https:\/\/incie.org\/latam\/wp-json\/wp\/v2\/pages\/985\/revisions\/1913"}],"wp:attachment":[{"href":"https:\/\/incie.org\/latam\/wp-json\/wp\/v2\/media?parent=985"}],"curies":[{"name":"wp","href":"https:\/\/api.w.org\/{rel}","templated":true}]}}