{"id":877,"date":"2022-03-22T05:29:48","date_gmt":"2022-03-22T05:29:48","guid":{"rendered":"https:\/\/incie.org\/latam\/?page_id=877"},"modified":"2022-03-22T14:41:00","modified_gmt":"2022-03-22T14:41:00","slug":"noticias","status":"publish","type":"page","link":"https:\/\/incie.org\/latam\/noticias\/","title":{"rendered":"Noticias"},"content":{"rendered":"<ul class=\"wp-block-latest-posts__list is-grid columns-4 has-dates wp-block-latest-posts\"><li><div class=\"wp-block-latest-posts__featured-image\"><img decoding=\"async\" loading=\"lazy\" width=\"720\" height=\"316\" src=\"https:\/\/i0.wp.com\/incie.org\/latam\/wp-content\/uploads\/2022\/03\/n003.png?fit=720%2C316&amp;ssl=1\" class=\"attachment-large size-large wp-post-image\" alt=\"\" style=\"\" srcset=\"https:\/\/i0.wp.com\/incie.org\/latam\/wp-content\/uploads\/2022\/03\/n003.png?w=720&amp;ssl=1 720w, https:\/\/i0.wp.com\/incie.org\/latam\/wp-content\/uploads\/2022\/03\/n003.png?resize=300%2C132&amp;ssl=1 300w, https:\/\/i0.wp.com\/incie.org\/latam\/wp-content\/uploads\/2022\/03\/n003.png?resize=600%2C263&amp;ssl=1 600w\" sizes=\"auto, (max-width: 720px) 100vw, 720px\" \/><\/div><a class=\"wp-block-latest-posts__post-title\" href=\"https:\/\/incie.org\/latam\/bill-gates-invierte-10-millones-de-dolares-en-una-startup-de-7-empleados-y-0-ingresos\/\">Bill Gates invierte 10 millones de d\u00f3lares en una startup de 7 empleados y 0 ingresos.<\/a><time datetime=\"2022-03-30T16:05:16+00:00\" class=\"wp-block-latest-posts__post-date\">30\/03\/2022<\/time><div class=\"wp-block-latest-posts__post-excerpt\">La empresa se llama&nbsp;Mangrove Lithium&nbsp;y est\u00e1 enfocada en convertir litio bruto en material para bater\u00edas, Gates cree que tiene un\u2026<\/div><\/li>\n<li><div class=\"wp-block-latest-posts__featured-image\"><img decoding=\"async\" loading=\"lazy\" width=\"720\" height=\"316\" src=\"https:\/\/i0.wp.com\/incie.org\/latam\/wp-content\/uploads\/2022\/03\/n002.png?fit=720%2C316&amp;ssl=1\" class=\"attachment-large size-large wp-post-image\" alt=\"\" style=\"\" srcset=\"https:\/\/i0.wp.com\/incie.org\/latam\/wp-content\/uploads\/2022\/03\/n002.png?w=720&amp;ssl=1 720w, https:\/\/i0.wp.com\/incie.org\/latam\/wp-content\/uploads\/2022\/03\/n002.png?resize=300%2C132&amp;ssl=1 300w, https:\/\/i0.wp.com\/incie.org\/latam\/wp-content\/uploads\/2022\/03\/n002.png?resize=600%2C263&amp;ssl=1 600w\" sizes=\"auto, (max-width: 720px) 100vw, 720px\" \/><\/div><a class=\"wp-block-latest-posts__post-title\" href=\"https:\/\/incie.org\/latam\/precio-del-petroleo-al-alza-tras-ataque-a-instalaciones-en-arabia-saudita\/\">Precio del petr\u00f3leo al alza tras ataque a instalaciones en Arabia Saudita<\/a><time datetime=\"2022-03-28T23:49:08+00:00\" class=\"wp-block-latest-posts__post-date\">28\/03\/2022<\/time><div class=\"wp-block-latest-posts__post-excerpt\">El precio del petr\u00f3leo subi\u00f3 m\u00e1s de uno por ciento este viernes y superaron los 120 d\u00f3lares por barril, debido\u2026<\/div><\/li>\n<li><div class=\"wp-block-latest-posts__featured-image\"><img decoding=\"async\" loading=\"lazy\" width=\"720\" height=\"316\" src=\"https:\/\/i0.wp.com\/incie.org\/latam\/wp-content\/uploads\/2022\/03\/0002.png?fit=720%2C316&amp;ssl=1\" class=\"attachment-large size-large wp-post-image\" alt=\"\" style=\"\" srcset=\"https:\/\/i0.wp.com\/incie.org\/latam\/wp-content\/uploads\/2022\/03\/0002.png?w=720&amp;ssl=1 720w, https:\/\/i0.wp.com\/incie.org\/latam\/wp-content\/uploads\/2022\/03\/0002.png?resize=300%2C132&amp;ssl=1 300w, https:\/\/i0.wp.com\/incie.org\/latam\/wp-content\/uploads\/2022\/03\/0002.png?resize=600%2C263&amp;ssl=1 600w\" sizes=\"auto, (max-width: 720px) 100vw, 720px\" \/><\/div><a class=\"wp-block-latest-posts__post-title\" href=\"https:\/\/incie.org\/latam\/joe-biden-lanza-un-plan-de-us58-billones-con-un-aumento-record-de-los-impuestos\/\">Joe Biden lanza un plan de US$5,8 billones con un aumento r\u00e9cord de los impuestos<\/a><time datetime=\"2022-03-28T16:42:21+00:00\" class=\"wp-block-latest-posts__post-date\">28\/03\/2022<\/time><div class=\"wp-block-latest-posts__post-excerpt\">El presupuesto para 2023 exige US$1,598 billones en los llamados gastos discrecionales, \u00e1reas que no est\u00e1n vinculadas con programas obligatorios\u2026<\/div><\/li>\n<li><div class=\"wp-block-latest-posts__featured-image\"><img decoding=\"async\" loading=\"lazy\" width=\"600\" height=\"263\" src=\"https:\/\/i0.wp.com\/incie.org\/latam\/wp-content\/uploads\/2022\/03\/compra-amazon.jpg?fit=600%2C263&amp;ssl=1\" class=\"attachment-large size-large wp-post-image\" alt=\"\" style=\"\" srcset=\"https:\/\/i0.wp.com\/incie.org\/latam\/wp-content\/uploads\/2022\/03\/compra-amazon.jpg?w=600&amp;ssl=1 600w, https:\/\/i0.wp.com\/incie.org\/latam\/wp-content\/uploads\/2022\/03\/compra-amazon.jpg?resize=300%2C132&amp;ssl=1 300w\" sizes=\"auto, (max-width: 600px) 100vw, 600px\" \/><\/div><a class=\"wp-block-latest-posts__post-title\" href=\"https:\/\/incie.org\/latam\/amazon-cerro-la-compra-millonaria-de-metro-goldwyn-mayer-y-prometio-reimaginar-todo-su-catalogo\/\">Amazon cerr\u00f3 la compra millonaria de Metro Goldwyn Mayer y prometi\u00f3 &#8220;reimaginar&#8221; todo su cat\u00e1logo<\/a><time datetime=\"2022-03-17T23:11:01+00:00\" class=\"wp-block-latest-posts__post-date\">17\/03\/2022<\/time><div class=\"wp-block-latest-posts__post-excerpt\">Casi un a\u00f1o despu\u00e9s de anunciarse, la millonaria y sobrevalorada compra del estudio Metro Goldwyn Mayer (MGM) por parte de\u2026<\/div><\/li>\n<li><div class=\"wp-block-latest-posts__featured-image\"><img decoding=\"async\" loading=\"lazy\" width=\"600\" height=\"263\" src=\"https:\/\/i0.wp.com\/incie.org\/latam\/wp-content\/uploads\/2022\/03\/africa.jpg?fit=600%2C263&amp;ssl=1\" class=\"attachment-large size-large wp-post-image\" alt=\"\" style=\"\" srcset=\"https:\/\/i0.wp.com\/incie.org\/latam\/wp-content\/uploads\/2022\/03\/africa.jpg?w=600&amp;ssl=1 600w, https:\/\/i0.wp.com\/incie.org\/latam\/wp-content\/uploads\/2022\/03\/africa.jpg?resize=300%2C132&amp;ssl=1 300w\" sizes=\"auto, (max-width: 600px) 100vw, 600px\" \/><\/div><a class=\"wp-block-latest-posts__post-title\" href=\"https:\/\/incie.org\/latam\/empoderando-a-las-mujeres-hoy-para-un-manana-sostenible\/\">Empoderando a las mujeres hoy para un ma\u00f1ana sostenible<\/a><time datetime=\"2022-03-12T03:19:22+00:00\" class=\"wp-block-latest-posts__post-date\">12\/03\/2022<\/time><div class=\"wp-block-latest-posts__post-excerpt\">SENSIBILIZACI\u00d3N INCIE no es ajeno a este espacio y ha estado haciendo su parte para lograr cambios para abordar la\u2026<\/div><\/li>\n<\/ul>\n\n\n<div class=\"wp-block-group\" style=\"padding-top:30px;padding-right:30px;padding-bottom:30px;padding-left:30px\"><div class=\"wp-block-group__inner-container is-layout-flow wp-block-group-is-layout-flow\"><\/div><\/div>\n","protected":false},"excerpt":{"rendered":"","protected":false},"author":1,"featured_media":0,"parent":0,"menu_order":0,"comment_status":"closed","ping_status":"closed","template":"","meta":{"nf_dc_page":"","om_disable_all_campaigns":false,"footnotes":""},"class_list":["post-877","page","type-page","status-publish","hentry"],"yoast_head":"<!-- This site is optimized with the Yoast SEO plugin v27.5 - https:\/\/yoast.com\/product\/yoast-seo-wordpress\/ -->\n<title>Noticias - Instituto para la competitividad, Innovaci\u00f3n y Desarrollo Empresarial<\/title>\n<meta name=\"robots\" content=\"index, follow, max-snippet:-1, max-image-preview:large, max-video-preview:-1\" \/>\n<link rel=\"canonical\" href=\"https:\/\/incie.org\/latam\/noticias\/\" \/>\n<meta property=\"og:locale\" content=\"es_ES\" \/>\n<meta property=\"og:type\" content=\"article\" \/>\n<meta property=\"og:title\" content=\"Noticias - Instituto para la competitividad, Innovaci\u00f3n y Desarrollo Empresarial\" \/>\n<meta property=\"og:url\" content=\"https:\/\/incie.org\/latam\/noticias\/\" \/>\n<meta property=\"og:site_name\" content=\"Instituto para la competitividad, Innovaci\u00f3n y Desarrollo Empresarial\" \/>\n<meta property=\"article:modified_time\" content=\"2022-03-22T14:41:00+00:00\" \/>\n<meta name=\"twitter:card\" content=\"summary_large_image\" \/>\n<script type=\"application\/ld+json\" class=\"yoast-schema-graph\">{\"@context\":\"https:\\\/\\\/schema.org\",\"@graph\":[{\"@type\":\"WebPage\",\"@id\":\"https:\\\/\\\/incie.org\\\/latam\\\/noticias\\\/\",\"url\":\"https:\\\/\\\/incie.org\\\/latam\\\/noticias\\\/\",\"name\":\"Noticias - Instituto para la competitividad, Innovaci\u00f3n y Desarrollo Empresarial\",\"isPartOf\":{\"@id\":\"https:\\\/\\\/incie.org\\\/latam\\\/#website\"},\"datePublished\":\"2022-03-22T05:29:48+00:00\",\"dateModified\":\"2022-03-22T14:41:00+00:00\",\"breadcrumb\":{\"@id\":\"https:\\\/\\\/incie.org\\\/latam\\\/noticias\\\/#breadcrumb\"},\"inLanguage\":\"es\",\"potentialAction\":[{\"@type\":\"ReadAction\",\"target\":[\"https:\\\/\\\/incie.org\\\/latam\\\/noticias\\\/\"]}]},{\"@type\":\"BreadcrumbList\",\"@id\":\"https:\\\/\\\/incie.org\\\/latam\\\/noticias\\\/#breadcrumb\",\"itemListElement\":[{\"@type\":\"ListItem\",\"position\":1,\"name\":\"Home\",\"item\":\"https:\\\/\\\/incie.org\\\/latam\\\/\"},{\"@type\":\"ListItem\",\"position\":2,\"name\":\"Noticias\"}]},{\"@type\":\"WebSite\",\"@id\":\"https:\\\/\\\/incie.org\\\/latam\\\/#website\",\"url\":\"https:\\\/\\\/incie.org\\\/latam\\\/\",\"name\":\"Instituto para la competitividad, Innovaci\u00f3n y Desarrollo Empresarial\",\"description\":\"\",\"publisher\":{\"@id\":\"https:\\\/\\\/incie.org\\\/latam\\\/#organization\"},\"potentialAction\":[{\"@type\":\"SearchAction\",\"target\":{\"@type\":\"EntryPoint\",\"urlTemplate\":\"https:\\\/\\\/incie.org\\\/latam\\\/?s={search_term_string}\"},\"query-input\":{\"@type\":\"PropertyValueSpecification\",\"valueRequired\":true,\"valueName\":\"search_term_string\"}}],\"inLanguage\":\"es\"},{\"@type\":\"Organization\",\"@id\":\"https:\\\/\\\/incie.org\\\/latam\\\/#organization\",\"name\":\"Instituto para la competitividad, Innovaci\u00f3n y Desarrollo Empresarial\",\"url\":\"https:\\\/\\\/incie.org\\\/latam\\\/\",\"logo\":{\"@type\":\"ImageObject\",\"inLanguage\":\"es\",\"@id\":\"https:\\\/\\\/incie.org\\\/latam\\\/#\\\/schema\\\/logo\\\/image\\\/\",\"url\":\"https:\\\/\\\/i0.wp.com\\\/incie.org\\\/latam\\\/wp-content\\\/uploads\\\/2025\\\/12\\\/cropped-LOGOO-INCIE-AZUL-01-P.png?fit=185%2C45&ssl=1\",\"contentUrl\":\"https:\\\/\\\/i0.wp.com\\\/incie.org\\\/latam\\\/wp-content\\\/uploads\\\/2025\\\/12\\\/cropped-LOGOO-INCIE-AZUL-01-P.png?fit=185%2C45&ssl=1\",\"width\":185,\"height\":45,\"caption\":\"Instituto para la competitividad, Innovaci\u00f3n y Desarrollo Empresarial\"},\"image\":{\"@id\":\"https:\\\/\\\/incie.org\\\/latam\\\/#\\\/schema\\\/logo\\\/image\\\/\"}}]}<\/script>\n<!-- \/ Yoast SEO plugin. -->","yoast_head_json":{"title":"Noticias - Instituto para la competitividad, Innovaci\u00f3n y Desarrollo Empresarial","robots":{"index":"index","follow":"follow","max-snippet":"max-snippet:-1","max-image-preview":"max-image-preview:large","max-video-preview":"max-video-preview:-1"},"canonical":"https:\/\/incie.org\/latam\/noticias\/","og_locale":"es_ES","og_type":"article","og_title":"Noticias - Instituto para la competitividad, Innovaci\u00f3n y Desarrollo Empresarial","og_url":"https:\/\/incie.org\/latam\/noticias\/","og_site_name":"Instituto para la competitividad, Innovaci\u00f3n y Desarrollo Empresarial","article_modified_time":"2022-03-22T14:41:00+00:00","twitter_card":"summary_large_image","schema":{"@context":"https:\/\/schema.org","@graph":[{"@type":"WebPage","@id":"https:\/\/incie.org\/latam\/noticias\/","url":"https:\/\/incie.org\/latam\/noticias\/","name":"Noticias - Instituto para la competitividad, Innovaci\u00f3n y Desarrollo Empresarial","isPartOf":{"@id":"https:\/\/incie.org\/latam\/#website"},"datePublished":"2022-03-22T05:29:48+00:00","dateModified":"2022-03-22T14:41:00+00:00","breadcrumb":{"@id":"https:\/\/incie.org\/latam\/noticias\/#breadcrumb"},"inLanguage":"es","potentialAction":[{"@type":"ReadAction","target":["https:\/\/incie.org\/latam\/noticias\/"]}]},{"@type":"BreadcrumbList","@id":"https:\/\/incie.org\/latam\/noticias\/#breadcrumb","itemListElement":[{"@type":"ListItem","position":1,"name":"Home","item":"https:\/\/incie.org\/latam\/"},{"@type":"ListItem","position":2,"name":"Noticias"}]},{"@type":"WebSite","@id":"https:\/\/incie.org\/latam\/#website","url":"https:\/\/incie.org\/latam\/","name":"Instituto para la competitividad, Innovaci\u00f3n y Desarrollo Empresarial","description":"","publisher":{"@id":"https:\/\/incie.org\/latam\/#organization"},"potentialAction":[{"@type":"SearchAction","target":{"@type":"EntryPoint","urlTemplate":"https:\/\/incie.org\/latam\/?s={search_term_string}"},"query-input":{"@type":"PropertyValueSpecification","valueRequired":true,"valueName":"search_term_string"}}],"inLanguage":"es"},{"@type":"Organization","@id":"https:\/\/incie.org\/latam\/#organization","name":"Instituto para la competitividad, Innovaci\u00f3n y Desarrollo Empresarial","url":"https:\/\/incie.org\/latam\/","logo":{"@type":"ImageObject","inLanguage":"es","@id":"https:\/\/incie.org\/latam\/#\/schema\/logo\/image\/","url":"https:\/\/i0.wp.com\/incie.org\/latam\/wp-content\/uploads\/2025\/12\/cropped-LOGOO-INCIE-AZUL-01-P.png?fit=185%2C45&ssl=1","contentUrl":"https:\/\/i0.wp.com\/incie.org\/latam\/wp-content\/uploads\/2025\/12\/cropped-LOGOO-INCIE-AZUL-01-P.png?fit=185%2C45&ssl=1","width":185,"height":45,"caption":"Instituto para la competitividad, Innovaci\u00f3n y Desarrollo Empresarial"},"image":{"@id":"https:\/\/incie.org\/latam\/#\/schema\/logo\/image\/"}}]}},"jetpack_sharing_enabled":true,"_links":{"self":[{"href":"https:\/\/incie.org\/latam\/wp-json\/wp\/v2\/pages\/877","targetHints":{"allow":["GET"]}}],"collection":[{"href":"https:\/\/incie.org\/latam\/wp-json\/wp\/v2\/pages"}],"about":[{"href":"https:\/\/incie.org\/latam\/wp-json\/wp\/v2\/types\/page"}],"author":[{"embeddable":true,"href":"https:\/\/incie.org\/latam\/wp-json\/wp\/v2\/users\/1"}],"replies":[{"embeddable":true,"href":"https:\/\/incie.org\/latam\/wp-json\/wp\/v2\/comments?post=877"}],"version-history":[{"count":9,"href":"https:\/\/incie.org\/latam\/wp-json\/wp\/v2\/pages\/877\/revisions"}],"predecessor-version":[{"id":890,"href":"https:\/\/incie.org\/latam\/wp-json\/wp\/v2\/pages\/877\/revisions\/890"}],"wp:attachment":[{"href":"https:\/\/incie.org\/latam\/wp-json\/wp\/v2\/media?parent=877"}],"curies":[{"name":"wp","href":"https:\/\/api.w.org\/{rel}","templated":true}]}}