{"id":618,"date":"2022-03-19T16:38:23","date_gmt":"2022-03-19T16:38:23","guid":{"rendered":"https:\/\/incie.org\/latam\/?page_id=618"},"modified":"2023-01-28T17:07:15","modified_gmt":"2023-01-28T17:07:15","slug":"contactenos","status":"publish","type":"page","link":"https:\/\/incie.org\/latam\/contactenos\/","title":{"rendered":"Cont\u00e1ctenos"},"content":{"rendered":"\n<div class=\"wp-block-columns is-layout-flex wp-container-core-columns-is-layout-9d6595d7 wp-block-columns-is-layout-flex\">\n<div class=\"wp-block-column is-layout-flow wp-block-column-is-layout-flow\" style=\"flex-basis:25%\">\n<div class=\"wp-block-group\"><div class=\"wp-block-group__inner-container is-layout-flow wp-block-group-is-layout-flow\">\n<h2 class=\"wp-block-heading\" style=\"font-style:normal;font-weight:300\">We are here to help you, we will gladly resolve your doubts and concerns. You can try any of these channels:<\/h2>\n\n\n\n<p><\/p>\n\n\n\n<hr class=\"wp-block-separator has-css-opacity is-style-wide\"\/>\n<\/div><\/div>\n<\/div>\n\n\n\n<div class=\"wp-block-column is-layout-flow wp-block-column-is-layout-flow\" style=\"flex-basis:50%\"><div class=\"wp-block-image\">\n<figure class=\"alignleft size-full\"><img data-recalc-dims=\"1\" decoding=\"async\" width=\"282\" height=\"130\" loading=\"lazy\" src=\"https:\/\/i0.wp.com\/incie.org\/latam\/wp-content\/uploads\/2022\/03\/contac-1.jpg?resize=282%2C130&#038;ssl=1\" alt=\"\" class=\"wp-image-822\"\/><\/figure>\n<\/div>\n\n\n<p class=\"has-text-align-left\"><strong>CANAD\u00c1<br><\/strong>Atlantic Avenue Suit 200, Toronto, ON, M6K CANAD\u00c1. +1 (705) 242 8940  info@incie.org<\/p>\n\n\n\n<p class=\"has-text-align-left\"><\/p>\n\n\n\n<hr class=\"wp-block-separator has-css-opacity is-style-wide\"\/>\n\n\n\n<p><\/p>\n\n\n\n<p><strong>CANAD\u00c1<br><\/strong>Atlantic Avenue Suit 200, Toronto, ON, M6K CANAD\u00c1. <strong><br><\/strong>+1 (705) 242 8940 | info@incie.org<\/p>\n\n\n\n<p><strong>M\u00c9XICO<br><\/strong>mexico@incie.org | Piso 17 Oficina 25, Calle Montecito 38, N\u00e1poles, 03810 Benito Ju\u00e9rez, CDMX, M\u00e9xico<\/p>\n\n\n\n<p><strong>COSTA RICA<br><\/strong>costarica@incie.org | Apto 1068 Centro Colon, San Jos\u00e9 1007, Costa Rica<\/p>\n\n\n\n<p><strong>GUATEMALA<br><\/strong>guatemala@incie.org  | 5.\u00aa avenida 5-55, zona 14, Ciudad de Guatemala, Guatemala<\/p>\n\n\n\n<p><strong>EL SALVADOR<br><\/strong>elsavador@incie.org  | Col. Las Mercedes, C Los Eucaliptos y Av. Los Espliegos, #10, San Salvador.<\/p>\n\n\n\n<p>HONDURAS | honduras@incie.org  <\/p>\n<\/div>\n\n\n\n<div class=\"wp-block-column is-layout-flow wp-block-column-is-layout-flow\" style=\"flex-basis:25%\"><div class=\"wp-block-image\">\n<figure class=\"aligncenter size-full\"><img data-recalc-dims=\"1\" decoding=\"async\" width=\"282\" height=\"130\" loading=\"lazy\" src=\"https:\/\/i0.wp.com\/incie.org\/latam\/wp-content\/uploads\/2022\/03\/contac-0.jpg?resize=282%2C130&#038;ssl=1\" alt=\"\" class=\"wp-image-825\"\/><\/figure>\n<\/div>\n\n\n<h2 class=\"has-text-align-center wp-block-heading\" style=\"font-style:normal;font-weight:300\">Do you want to speak directly with customer service?<\/h2>\n\n\n\n<div class=\"wp-block-jetpack-send-a-message\"><\/div>\n\n\n\n<p class=\"has-text-align-center\"><strong>By:  <a href=\"https:\/\/m.me\/incie.org\">Mesenger facebook<\/a><\/strong> <\/p>\n<\/div>\n<\/div>\n\n\n\n<div class=\"wp-block-jetpack-send-a-message\"><\/div>\n","protected":false},"excerpt":{"rendered":"<p>We are here to help you, we will gladly resolve\u2026<\/p>\n","protected":false},"author":1,"featured_media":0,"parent":0,"menu_order":0,"comment_status":"closed","ping_status":"closed","template":"","meta":{"nf_dc_page":"","om_disable_all_campaigns":false,"footnotes":""},"class_list":["post-618","page","type-page","status-publish","hentry"],"yoast_head":"<!-- This site is optimized with the Yoast SEO plugin v27.5 - https:\/\/yoast.com\/product\/yoast-seo-wordpress\/ -->\n<title>Cont\u00e1ctenos - Instituto para la competitividad, Innovaci\u00f3n y Desarrollo Empresarial<\/title>\n<meta name=\"robots\" content=\"index, follow, max-snippet:-1, max-image-preview:large, max-video-preview:-1\" \/>\n<link rel=\"canonical\" href=\"https:\/\/incie.org\/latam\/contactenos\/\" \/>\n<meta property=\"og:locale\" content=\"es_ES\" \/>\n<meta property=\"og:type\" content=\"article\" \/>\n<meta property=\"og:title\" content=\"Cont\u00e1ctenos - Instituto para la competitividad, Innovaci\u00f3n y Desarrollo Empresarial\" \/>\n<meta property=\"og:description\" content=\"We are here to help you, we will gladly resolve\u2026\" \/>\n<meta property=\"og:url\" content=\"https:\/\/incie.org\/latam\/contactenos\/\" \/>\n<meta property=\"og:site_name\" content=\"Instituto para la competitividad, Innovaci\u00f3n y Desarrollo Empresarial\" \/>\n<meta property=\"article:modified_time\" content=\"2023-01-28T17:07:15+00:00\" \/>\n<meta property=\"og:image\" content=\"https:\/\/incie.org\/latam\/wp-content\/uploads\/2022\/03\/contac-1.jpg\" \/>\n<meta name=\"twitter:card\" content=\"summary_large_image\" \/>\n<meta name=\"twitter:label1\" content=\"Tiempo de lectura\" \/>\n\t<meta name=\"twitter:data1\" content=\"1 minuto\" \/>\n<script type=\"application\/ld+json\" class=\"yoast-schema-graph\">{\"@context\":\"https:\\\/\\\/schema.org\",\"@graph\":[{\"@type\":\"WebPage\",\"@id\":\"https:\\\/\\\/incie.org\\\/latam\\\/contactenos\\\/\",\"url\":\"https:\\\/\\\/incie.org\\\/latam\\\/contactenos\\\/\",\"name\":\"Cont\u00e1ctenos - Instituto para la competitividad, Innovaci\u00f3n y Desarrollo Empresarial\",\"isPartOf\":{\"@id\":\"https:\\\/\\\/incie.org\\\/latam\\\/#website\"},\"primaryImageOfPage\":{\"@id\":\"https:\\\/\\\/incie.org\\\/latam\\\/contactenos\\\/#primaryimage\"},\"image\":{\"@id\":\"https:\\\/\\\/incie.org\\\/latam\\\/contactenos\\\/#primaryimage\"},\"thumbnailUrl\":\"https:\\\/\\\/incie.org\\\/latam\\\/wp-content\\\/uploads\\\/2022\\\/03\\\/contac-1.jpg\",\"datePublished\":\"2022-03-19T16:38:23+00:00\",\"dateModified\":\"2023-01-28T17:07:15+00:00\",\"breadcrumb\":{\"@id\":\"https:\\\/\\\/incie.org\\\/latam\\\/contactenos\\\/#breadcrumb\"},\"inLanguage\":\"es\",\"potentialAction\":[{\"@type\":\"ReadAction\",\"target\":[\"https:\\\/\\\/incie.org\\\/latam\\\/contactenos\\\/\"]}]},{\"@type\":\"ImageObject\",\"inLanguage\":\"es\",\"@id\":\"https:\\\/\\\/incie.org\\\/latam\\\/contactenos\\\/#primaryimage\",\"url\":\"https:\\\/\\\/i0.wp.com\\\/incie.org\\\/latam\\\/wp-content\\\/uploads\\\/2022\\\/03\\\/contac-1.jpg?fit=282%2C130&ssl=1\",\"contentUrl\":\"https:\\\/\\\/i0.wp.com\\\/incie.org\\\/latam\\\/wp-content\\\/uploads\\\/2022\\\/03\\\/contac-1.jpg?fit=282%2C130&ssl=1\",\"width\":282,\"height\":130},{\"@type\":\"BreadcrumbList\",\"@id\":\"https:\\\/\\\/incie.org\\\/latam\\\/contactenos\\\/#breadcrumb\",\"itemListElement\":[{\"@type\":\"ListItem\",\"position\":1,\"name\":\"Home\",\"item\":\"https:\\\/\\\/incie.org\\\/latam\\\/\"},{\"@type\":\"ListItem\",\"position\":2,\"name\":\"Cont\u00e1ctenos\"}]},{\"@type\":\"WebSite\",\"@id\":\"https:\\\/\\\/incie.org\\\/latam\\\/#website\",\"url\":\"https:\\\/\\\/incie.org\\\/latam\\\/\",\"name\":\"Instituto para la competitividad, Innovaci\u00f3n y Desarrollo Empresarial\",\"description\":\"\",\"publisher\":{\"@id\":\"https:\\\/\\\/incie.org\\\/latam\\\/#organization\"},\"potentialAction\":[{\"@type\":\"SearchAction\",\"target\":{\"@type\":\"EntryPoint\",\"urlTemplate\":\"https:\\\/\\\/incie.org\\\/latam\\\/?s={search_term_string}\"},\"query-input\":{\"@type\":\"PropertyValueSpecification\",\"valueRequired\":true,\"valueName\":\"search_term_string\"}}],\"inLanguage\":\"es\"},{\"@type\":\"Organization\",\"@id\":\"https:\\\/\\\/incie.org\\\/latam\\\/#organization\",\"name\":\"Instituto para la competitividad, Innovaci\u00f3n y Desarrollo Empresarial\",\"url\":\"https:\\\/\\\/incie.org\\\/latam\\\/\",\"logo\":{\"@type\":\"ImageObject\",\"inLanguage\":\"es\",\"@id\":\"https:\\\/\\\/incie.org\\\/latam\\\/#\\\/schema\\\/logo\\\/image\\\/\",\"url\":\"https:\\\/\\\/i0.wp.com\\\/incie.org\\\/latam\\\/wp-content\\\/uploads\\\/2025\\\/12\\\/cropped-LOGOO-INCIE-AZUL-01-P.png?fit=185%2C45&ssl=1\",\"contentUrl\":\"https:\\\/\\\/i0.wp.com\\\/incie.org\\\/latam\\\/wp-content\\\/uploads\\\/2025\\\/12\\\/cropped-LOGOO-INCIE-AZUL-01-P.png?fit=185%2C45&ssl=1\",\"width\":185,\"height\":45,\"caption\":\"Instituto para la competitividad, Innovaci\u00f3n y Desarrollo Empresarial\"},\"image\":{\"@id\":\"https:\\\/\\\/incie.org\\\/latam\\\/#\\\/schema\\\/logo\\\/image\\\/\"}}]}<\/script>\n<!-- \/ Yoast SEO plugin. -->","yoast_head_json":{"title":"Cont\u00e1ctenos - Instituto para la competitividad, Innovaci\u00f3n y Desarrollo Empresarial","robots":{"index":"index","follow":"follow","max-snippet":"max-snippet:-1","max-image-preview":"max-image-preview:large","max-video-preview":"max-video-preview:-1"},"canonical":"https:\/\/incie.org\/latam\/contactenos\/","og_locale":"es_ES","og_type":"article","og_title":"Cont\u00e1ctenos - Instituto para la competitividad, Innovaci\u00f3n y Desarrollo Empresarial","og_description":"We are here to help you, we will gladly resolve\u2026","og_url":"https:\/\/incie.org\/latam\/contactenos\/","og_site_name":"Instituto para la competitividad, Innovaci\u00f3n y Desarrollo Empresarial","article_modified_time":"2023-01-28T17:07:15+00:00","og_image":[{"url":"https:\/\/incie.org\/latam\/wp-content\/uploads\/2022\/03\/contac-1.jpg","type":"","width":"","height":""}],"twitter_card":"summary_large_image","twitter_misc":{"Tiempo de lectura":"1 minuto"},"schema":{"@context":"https:\/\/schema.org","@graph":[{"@type":"WebPage","@id":"https:\/\/incie.org\/latam\/contactenos\/","url":"https:\/\/incie.org\/latam\/contactenos\/","name":"Cont\u00e1ctenos - Instituto para la competitividad, Innovaci\u00f3n y Desarrollo Empresarial","isPartOf":{"@id":"https:\/\/incie.org\/latam\/#website"},"primaryImageOfPage":{"@id":"https:\/\/incie.org\/latam\/contactenos\/#primaryimage"},"image":{"@id":"https:\/\/incie.org\/latam\/contactenos\/#primaryimage"},"thumbnailUrl":"https:\/\/incie.org\/latam\/wp-content\/uploads\/2022\/03\/contac-1.jpg","datePublished":"2022-03-19T16:38:23+00:00","dateModified":"2023-01-28T17:07:15+00:00","breadcrumb":{"@id":"https:\/\/incie.org\/latam\/contactenos\/#breadcrumb"},"inLanguage":"es","potentialAction":[{"@type":"ReadAction","target":["https:\/\/incie.org\/latam\/contactenos\/"]}]},{"@type":"ImageObject","inLanguage":"es","@id":"https:\/\/incie.org\/latam\/contactenos\/#primaryimage","url":"https:\/\/i0.wp.com\/incie.org\/latam\/wp-content\/uploads\/2022\/03\/contac-1.jpg?fit=282%2C130&ssl=1","contentUrl":"https:\/\/i0.wp.com\/incie.org\/latam\/wp-content\/uploads\/2022\/03\/contac-1.jpg?fit=282%2C130&ssl=1","width":282,"height":130},{"@type":"BreadcrumbList","@id":"https:\/\/incie.org\/latam\/contactenos\/#breadcrumb","itemListElement":[{"@type":"ListItem","position":1,"name":"Home","item":"https:\/\/incie.org\/latam\/"},{"@type":"ListItem","position":2,"name":"Cont\u00e1ctenos"}]},{"@type":"WebSite","@id":"https:\/\/incie.org\/latam\/#website","url":"https:\/\/incie.org\/latam\/","name":"Instituto para la competitividad, Innovaci\u00f3n y Desarrollo Empresarial","description":"","publisher":{"@id":"https:\/\/incie.org\/latam\/#organization"},"potentialAction":[{"@type":"SearchAction","target":{"@type":"EntryPoint","urlTemplate":"https:\/\/incie.org\/latam\/?s={search_term_string}"},"query-input":{"@type":"PropertyValueSpecification","valueRequired":true,"valueName":"search_term_string"}}],"inLanguage":"es"},{"@type":"Organization","@id":"https:\/\/incie.org\/latam\/#organization","name":"Instituto para la competitividad, Innovaci\u00f3n y Desarrollo Empresarial","url":"https:\/\/incie.org\/latam\/","logo":{"@type":"ImageObject","inLanguage":"es","@id":"https:\/\/incie.org\/latam\/#\/schema\/logo\/image\/","url":"https:\/\/i0.wp.com\/incie.org\/latam\/wp-content\/uploads\/2025\/12\/cropped-LOGOO-INCIE-AZUL-01-P.png?fit=185%2C45&ssl=1","contentUrl":"https:\/\/i0.wp.com\/incie.org\/latam\/wp-content\/uploads\/2025\/12\/cropped-LOGOO-INCIE-AZUL-01-P.png?fit=185%2C45&ssl=1","width":185,"height":45,"caption":"Instituto para la competitividad, Innovaci\u00f3n y Desarrollo Empresarial"},"image":{"@id":"https:\/\/incie.org\/latam\/#\/schema\/logo\/image\/"}}]}},"jetpack_sharing_enabled":false,"_links":{"self":[{"href":"https:\/\/incie.org\/latam\/wp-json\/wp\/v2\/pages\/618","targetHints":{"allow":["GET"]}}],"collection":[{"href":"https:\/\/incie.org\/latam\/wp-json\/wp\/v2\/pages"}],"about":[{"href":"https:\/\/incie.org\/latam\/wp-json\/wp\/v2\/types\/page"}],"author":[{"embeddable":true,"href":"https:\/\/incie.org\/latam\/wp-json\/wp\/v2\/users\/1"}],"replies":[{"embeddable":true,"href":"https:\/\/incie.org\/latam\/wp-json\/wp\/v2\/comments?post=618"}],"version-history":[{"count":6,"href":"https:\/\/incie.org\/latam\/wp-json\/wp\/v2\/pages\/618\/revisions"}],"predecessor-version":[{"id":1914,"href":"https:\/\/incie.org\/latam\/wp-json\/wp\/v2\/pages\/618\/revisions\/1914"}],"wp:attachment":[{"href":"https:\/\/incie.org\/latam\/wp-json\/wp\/v2\/media?parent=618"}],"curies":[{"name":"wp","href":"https:\/\/api.w.org\/{rel}","templated":true}]}}