{"id":1391,"date":"2022-04-02T00:30:03","date_gmt":"2022-04-02T00:30:03","guid":{"rendered":"https:\/\/incie.org\/latam\/?page_id=1391"},"modified":"2022-04-02T00:30:07","modified_gmt":"2022-04-02T00:30:07","slug":"cursos-de-desarrollo-profesional","status":"publish","type":"page","link":"https:\/\/incie.org\/latam\/business-education\/cursos-de-desarrollo-profesional\/","title":{"rendered":"Cursos de Desarrollo Profesional"},"content":{"rendered":"\n<div class=\"wp-block-columns is-layout-flex wp-container-core-columns-is-layout-9d6595d7 wp-block-columns-is-layout-flex\">\n<div class=\"wp-block-column is-layout-flow wp-block-column-is-layout-flow\" style=\"flex-basis:20%\">\n<h2 class=\"has-text-align-right wp-block-heading\" style=\"font-style:normal;font-weight:300\">Cursos de Desarrollo Profesional<\/h2>\n\n\n\n<p class=\"has-text-align-right\"><a href=\"https:\/\/incie.org\/latam\/business-education\/\">\u00ab Ir a Business education<\/a><\/p>\n<\/div>\n\n\n\n<div class=\"wp-block-column is-layout-flow wp-block-column-is-layout-flow\" style=\"flex-basis:55%\">\n<h2 class=\"wp-block-heading\" style=\"font-style:normal;font-weight:300\">Cursos de Desarrollo Profesional, 100% Online, focalizados en \u00e1reas de gesti\u00f3n empresarial, actualizados de acuerdo a las \u00faltimas demandas  orientados a la pr\u00e1ctica.<\/h2>\n\n\n\n<p>Transforme su vida profesional con nuestros cursos t\u00e9cnicos que lo llevan dLos programas especializados para desarrollo profesional de INCIE Business School Executive Education combinan investigaci\u00f3n acad\u00e9mica y enfoques pr\u00e1cticos para abordar los desaf\u00edos espec\u00edficos de su organizaci\u00f3n.<\/p>\n\n\n\n<ul class=\"wp-block-list\"><li>Curso 100% pr\u00e1ctico.<\/li><li>Instructores Certificados<\/li><li>Capacitaci\u00f3n Online &#8211; por ZOOM<\/li><li>Clases grabadas para repetir<\/li><li>Acceso a plataforma por 1 a\u00f1o<\/li><li>Soporte t\u00e9cnico y seguimiento<\/li><li>Certificado validez internacional<\/li><\/ul>\n<\/div>\n\n\n\n<div class=\"wp-block-column is-layout-flow wp-block-column-is-layout-flow\" style=\"flex-basis:25%\">\n<figure class=\"wp-block-image size-full\"><img data-recalc-dims=\"1\" decoding=\"async\" width=\"300\" height=\"500\" loading=\"lazy\" src=\"https:\/\/i0.wp.com\/incie.org\/latam\/wp-content\/uploads\/2022\/04\/x003-2.jpg?resize=300%2C500&#038;ssl=1\" alt=\"\" class=\"wp-image-1392\" srcset=\"https:\/\/i0.wp.com\/incie.org\/latam\/wp-content\/uploads\/2022\/04\/x003-2.jpg?w=300&amp;ssl=1 300w, https:\/\/i0.wp.com\/incie.org\/latam\/wp-content\/uploads\/2022\/04\/x003-2.jpg?resize=180%2C300&amp;ssl=1 180w\" sizes=\"auto, (max-width: 300px) 100vw, 300px\" \/><\/figure>\n<\/div>\n<\/div>\n\n\n\n<div class=\"wp-block-columns is-layout-flex wp-container-core-columns-is-layout-9d6595d7 wp-block-columns-is-layout-flex\">\n<div class=\"wp-block-column is-layout-flow wp-block-column-is-layout-flow\">\n<figure class=\"wp-block-image size-full\"><a href=\"https:\/\/incie.org\/latam\/business-education\/cursos-tecnicos\/aplicaciones-de-oficina-para-la-productividad\/\"><img data-recalc-dims=\"1\" decoding=\"async\" width=\"960\" height=\"960\" loading=\"lazy\" src=\"https:\/\/i0.wp.com\/incie.org\/latam\/wp-content\/uploads\/2022\/04\/OFFICE-INTERNET.jpg?resize=960%2C960&#038;ssl=1\" alt=\"\" class=\"wp-image-1337\" srcset=\"https:\/\/i0.wp.com\/incie.org\/latam\/wp-content\/uploads\/2022\/04\/OFFICE-INTERNET.jpg?w=960&amp;ssl=1 960w, https:\/\/i0.wp.com\/incie.org\/latam\/wp-content\/uploads\/2022\/04\/OFFICE-INTERNET.jpg?resize=300%2C300&amp;ssl=1 300w, https:\/\/i0.wp.com\/incie.org\/latam\/wp-content\/uploads\/2022\/04\/OFFICE-INTERNET.jpg?resize=150%2C150&amp;ssl=1 150w, https:\/\/i0.wp.com\/incie.org\/latam\/wp-content\/uploads\/2022\/04\/OFFICE-INTERNET.jpg?resize=768%2C768&amp;ssl=1 768w, https:\/\/i0.wp.com\/incie.org\/latam\/wp-content\/uploads\/2022\/04\/OFFICE-INTERNET.jpg?resize=600%2C600&amp;ssl=1 600w\" sizes=\"auto, (max-width: 960px) 100vw, 960px\" \/><\/a><\/figure>\n<\/div>\n\n\n\n<div class=\"wp-block-column is-layout-flow wp-block-column-is-layout-flow\">\n<figure class=\"wp-block-image size-full\"><img data-recalc-dims=\"1\" decoding=\"async\" width=\"960\" height=\"960\" loading=\"lazy\" src=\"https:\/\/i0.wp.com\/incie.org\/latam\/wp-content\/uploads\/2022\/04\/ADS-DESIGN-1.jpg?resize=960%2C960&#038;ssl=1\" alt=\"\" class=\"wp-image-1347\" srcset=\"https:\/\/i0.wp.com\/incie.org\/latam\/wp-content\/uploads\/2022\/04\/ADS-DESIGN-1.jpg?w=960&amp;ssl=1 960w, https:\/\/i0.wp.com\/incie.org\/latam\/wp-content\/uploads\/2022\/04\/ADS-DESIGN-1.jpg?resize=300%2C300&amp;ssl=1 300w, https:\/\/i0.wp.com\/incie.org\/latam\/wp-content\/uploads\/2022\/04\/ADS-DESIGN-1.jpg?resize=150%2C150&amp;ssl=1 150w, https:\/\/i0.wp.com\/incie.org\/latam\/wp-content\/uploads\/2022\/04\/ADS-DESIGN-1.jpg?resize=768%2C768&amp;ssl=1 768w, https:\/\/i0.wp.com\/incie.org\/latam\/wp-content\/uploads\/2022\/04\/ADS-DESIGN-1.jpg?resize=600%2C600&amp;ssl=1 600w\" sizes=\"auto, (max-width: 960px) 100vw, 960px\" \/><\/figure>\n<\/div>\n\n\n\n<div class=\"wp-block-column is-layout-flow wp-block-column-is-layout-flow\">\n<figure class=\"wp-block-image size-full\"><img data-recalc-dims=\"1\" decoding=\"async\" width=\"960\" height=\"960\" loading=\"lazy\" src=\"https:\/\/i0.wp.com\/incie.org\/latam\/wp-content\/uploads\/2022\/04\/WEB-DESIGN.jpg?resize=960%2C960&#038;ssl=1\" alt=\"\" class=\"wp-image-1336\" srcset=\"https:\/\/i0.wp.com\/incie.org\/latam\/wp-content\/uploads\/2022\/04\/WEB-DESIGN.jpg?w=960&amp;ssl=1 960w, https:\/\/i0.wp.com\/incie.org\/latam\/wp-content\/uploads\/2022\/04\/WEB-DESIGN.jpg?resize=300%2C300&amp;ssl=1 300w, https:\/\/i0.wp.com\/incie.org\/latam\/wp-content\/uploads\/2022\/04\/WEB-DESIGN.jpg?resize=150%2C150&amp;ssl=1 150w, https:\/\/i0.wp.com\/incie.org\/latam\/wp-content\/uploads\/2022\/04\/WEB-DESIGN.jpg?resize=768%2C768&amp;ssl=1 768w, https:\/\/i0.wp.com\/incie.org\/latam\/wp-content\/uploads\/2022\/04\/WEB-DESIGN.jpg?resize=600%2C600&amp;ssl=1 600w\" sizes=\"auto, (max-width: 960px) 100vw, 960px\" \/><\/figure>\n<\/div>\n\n\n\n<div class=\"wp-block-column is-layout-flow wp-block-column-is-layout-flow\">\n<figure class=\"wp-block-image size-full\"><a href=\"https:\/\/incie.org\/latam\/business-education\/cursos-tecnicos\/microsoft-excel-nivel-1\/\"><img data-recalc-dims=\"1\" decoding=\"async\" width=\"960\" height=\"960\" loading=\"lazy\" src=\"https:\/\/i0.wp.com\/incie.org\/latam\/wp-content\/uploads\/2022\/04\/EXCEL-01.jpg?resize=960%2C960&#038;ssl=1\" alt=\"\" class=\"wp-image-1339\" srcset=\"https:\/\/i0.wp.com\/incie.org\/latam\/wp-content\/uploads\/2022\/04\/EXCEL-01.jpg?w=960&amp;ssl=1 960w, https:\/\/i0.wp.com\/incie.org\/latam\/wp-content\/uploads\/2022\/04\/EXCEL-01.jpg?resize=300%2C300&amp;ssl=1 300w, https:\/\/i0.wp.com\/incie.org\/latam\/wp-content\/uploads\/2022\/04\/EXCEL-01.jpg?resize=150%2C150&amp;ssl=1 150w, https:\/\/i0.wp.com\/incie.org\/latam\/wp-content\/uploads\/2022\/04\/EXCEL-01.jpg?resize=768%2C768&amp;ssl=1 768w, https:\/\/i0.wp.com\/incie.org\/latam\/wp-content\/uploads\/2022\/04\/EXCEL-01.jpg?resize=600%2C600&amp;ssl=1 600w\" sizes=\"auto, (max-width: 960px) 100vw, 960px\" \/><\/a><\/figure>\n<\/div>\n\n\n\n<div class=\"wp-block-column is-layout-flow wp-block-column-is-layout-flow\">\n<figure class=\"wp-block-image size-full\"><a href=\"https:\/\/incie.org\/latam\/business-education\/cursos-tecnicos\/microsoft-excel-nivel-2\/\"><img data-recalc-dims=\"1\" decoding=\"async\" width=\"960\" height=\"960\" loading=\"lazy\" src=\"https:\/\/i0.wp.com\/incie.org\/latam\/wp-content\/uploads\/2022\/04\/EXCEL-02.jpg?resize=960%2C960&#038;ssl=1\" alt=\"\" class=\"wp-image-1341\" srcset=\"https:\/\/i0.wp.com\/incie.org\/latam\/wp-content\/uploads\/2022\/04\/EXCEL-02.jpg?w=960&amp;ssl=1 960w, https:\/\/i0.wp.com\/incie.org\/latam\/wp-content\/uploads\/2022\/04\/EXCEL-02.jpg?resize=300%2C300&amp;ssl=1 300w, https:\/\/i0.wp.com\/incie.org\/latam\/wp-content\/uploads\/2022\/04\/EXCEL-02.jpg?resize=150%2C150&amp;ssl=1 150w, https:\/\/i0.wp.com\/incie.org\/latam\/wp-content\/uploads\/2022\/04\/EXCEL-02.jpg?resize=768%2C768&amp;ssl=1 768w, https:\/\/i0.wp.com\/incie.org\/latam\/wp-content\/uploads\/2022\/04\/EXCEL-02.jpg?resize=600%2C600&amp;ssl=1 600w\" sizes=\"auto, (max-width: 960px) 100vw, 960px\" \/><\/a><\/figure>\n<\/div>\n<\/div>\n\n\n\n<div class=\"wp-block-columns is-layout-flex wp-container-core-columns-is-layout-9d6595d7 wp-block-columns-is-layout-flex\">\n<div class=\"wp-block-column is-layout-flow wp-block-column-is-layout-flow\"><\/div>\n\n\n\n<div class=\"wp-block-column is-layout-flow wp-block-column-is-layout-flow\"><\/div>\n\n\n\n<div class=\"wp-block-column is-layout-flow wp-block-column-is-layout-flow\"><\/div>\n\n\n\n<div class=\"wp-block-column is-layout-flow wp-block-column-is-layout-flow\"><\/div>\n\n\n\n<div class=\"wp-block-column is-layout-flow wp-block-column-is-layout-flow\"><\/div>\n<\/div>\n","protected":false},"excerpt":{"rendered":"<p>Cursos de Desarrollo Profesional \u00ab Ir a Business education Cursos\u2026<\/p>\n","protected":false},"author":1,"featured_media":0,"parent":179,"menu_order":0,"comment_status":"closed","ping_status":"closed","template":"","meta":{"nf_dc_page":"","om_disable_all_campaigns":false,"footnotes":""},"class_list":["post-1391","page","type-page","status-publish","hentry"],"yoast_head":"<!-- This site is optimized with the Yoast SEO plugin v27.4 - https:\/\/yoast.com\/product\/yoast-seo-wordpress\/ -->\n<title>Cursos de Desarrollo Profesional - Instituto para la competitividad, Innovaci\u00f3n y Desarrollo Empresarial<\/title>\n<meta name=\"robots\" content=\"index, follow, max-snippet:-1, max-image-preview:large, max-video-preview:-1\" \/>\n<link rel=\"canonical\" href=\"https:\/\/incie.org\/latam\/business-education\/cursos-de-desarrollo-profesional\/\" \/>\n<meta property=\"og:locale\" content=\"es_ES\" \/>\n<meta property=\"og:type\" content=\"article\" \/>\n<meta property=\"og:title\" content=\"Cursos de Desarrollo Profesional - Instituto para la competitividad, Innovaci\u00f3n y Desarrollo Empresarial\" \/>\n<meta property=\"og:description\" content=\"Cursos de Desarrollo Profesional \u00ab Ir a Business education Cursos\u2026\" \/>\n<meta property=\"og:url\" content=\"https:\/\/incie.org\/latam\/business-education\/cursos-de-desarrollo-profesional\/\" \/>\n<meta property=\"og:site_name\" content=\"Instituto para la competitividad, Innovaci\u00f3n y Desarrollo Empresarial\" \/>\n<meta property=\"article:modified_time\" content=\"2022-04-02T00:30:07+00:00\" \/>\n<meta property=\"og:image\" content=\"https:\/\/incie.org\/latam\/wp-content\/uploads\/2022\/04\/x003-2.jpg\" \/>\n<meta name=\"twitter:card\" content=\"summary_large_image\" \/>\n<meta name=\"twitter:label1\" content=\"Tiempo de lectura\" \/>\n\t<meta name=\"twitter:data1\" content=\"2 minutos\" \/>\n<script type=\"application\/ld+json\" class=\"yoast-schema-graph\">{\"@context\":\"https:\\\/\\\/schema.org\",\"@graph\":[{\"@type\":\"WebPage\",\"@id\":\"https:\\\/\\\/incie.org\\\/latam\\\/business-education\\\/cursos-de-desarrollo-profesional\\\/\",\"url\":\"https:\\\/\\\/incie.org\\\/latam\\\/business-education\\\/cursos-de-desarrollo-profesional\\\/\",\"name\":\"Cursos de Desarrollo Profesional - Instituto para la competitividad, Innovaci\u00f3n y Desarrollo Empresarial\",\"isPartOf\":{\"@id\":\"https:\\\/\\\/incie.org\\\/latam\\\/#website\"},\"primaryImageOfPage\":{\"@id\":\"https:\\\/\\\/incie.org\\\/latam\\\/business-education\\\/cursos-de-desarrollo-profesional\\\/#primaryimage\"},\"image\":{\"@id\":\"https:\\\/\\\/incie.org\\\/latam\\\/business-education\\\/cursos-de-desarrollo-profesional\\\/#primaryimage\"},\"thumbnailUrl\":\"https:\\\/\\\/incie.org\\\/latam\\\/wp-content\\\/uploads\\\/2022\\\/04\\\/x003-2.jpg\",\"datePublished\":\"2022-04-02T00:30:03+00:00\",\"dateModified\":\"2022-04-02T00:30:07+00:00\",\"breadcrumb\":{\"@id\":\"https:\\\/\\\/incie.org\\\/latam\\\/business-education\\\/cursos-de-desarrollo-profesional\\\/#breadcrumb\"},\"inLanguage\":\"es\",\"potentialAction\":[{\"@type\":\"ReadAction\",\"target\":[\"https:\\\/\\\/incie.org\\\/latam\\\/business-education\\\/cursos-de-desarrollo-profesional\\\/\"]}]},{\"@type\":\"ImageObject\",\"inLanguage\":\"es\",\"@id\":\"https:\\\/\\\/incie.org\\\/latam\\\/business-education\\\/cursos-de-desarrollo-profesional\\\/#primaryimage\",\"url\":\"https:\\\/\\\/i0.wp.com\\\/incie.org\\\/latam\\\/wp-content\\\/uploads\\\/2022\\\/04\\\/x003-2.jpg?fit=300%2C500&ssl=1\",\"contentUrl\":\"https:\\\/\\\/i0.wp.com\\\/incie.org\\\/latam\\\/wp-content\\\/uploads\\\/2022\\\/04\\\/x003-2.jpg?fit=300%2C500&ssl=1\",\"width\":300,\"height\":500},{\"@type\":\"BreadcrumbList\",\"@id\":\"https:\\\/\\\/incie.org\\\/latam\\\/business-education\\\/cursos-de-desarrollo-profesional\\\/#breadcrumb\",\"itemListElement\":[{\"@type\":\"ListItem\",\"position\":1,\"name\":\"Home\",\"item\":\"https:\\\/\\\/incie.org\\\/latam\\\/\"},{\"@type\":\"ListItem\",\"position\":2,\"name\":\"Business Education\",\"item\":\"https:\\\/\\\/incie.org\\\/latam\\\/business-education\\\/\"},{\"@type\":\"ListItem\",\"position\":3,\"name\":\"Cursos de Desarrollo Profesional\"}]},{\"@type\":\"WebSite\",\"@id\":\"https:\\\/\\\/incie.org\\\/latam\\\/#website\",\"url\":\"https:\\\/\\\/incie.org\\\/latam\\\/\",\"name\":\"Instituto para la competitividad, Innovaci\u00f3n y Desarrollo Empresarial\",\"description\":\"\",\"publisher\":{\"@id\":\"https:\\\/\\\/incie.org\\\/latam\\\/#organization\"},\"potentialAction\":[{\"@type\":\"SearchAction\",\"target\":{\"@type\":\"EntryPoint\",\"urlTemplate\":\"https:\\\/\\\/incie.org\\\/latam\\\/?s={search_term_string}\"},\"query-input\":{\"@type\":\"PropertyValueSpecification\",\"valueRequired\":true,\"valueName\":\"search_term_string\"}}],\"inLanguage\":\"es\"},{\"@type\":\"Organization\",\"@id\":\"https:\\\/\\\/incie.org\\\/latam\\\/#organization\",\"name\":\"Instituto para la competitividad, Innovaci\u00f3n y Desarrollo Empresarial\",\"url\":\"https:\\\/\\\/incie.org\\\/latam\\\/\",\"logo\":{\"@type\":\"ImageObject\",\"inLanguage\":\"es\",\"@id\":\"https:\\\/\\\/incie.org\\\/latam\\\/#\\\/schema\\\/logo\\\/image\\\/\",\"url\":\"https:\\\/\\\/i0.wp.com\\\/incie.org\\\/latam\\\/wp-content\\\/uploads\\\/2025\\\/12\\\/cropped-LOGOO-INCIE-AZUL-01-P.png?fit=185%2C45&ssl=1\",\"contentUrl\":\"https:\\\/\\\/i0.wp.com\\\/incie.org\\\/latam\\\/wp-content\\\/uploads\\\/2025\\\/12\\\/cropped-LOGOO-INCIE-AZUL-01-P.png?fit=185%2C45&ssl=1\",\"width\":185,\"height\":45,\"caption\":\"Instituto para la competitividad, Innovaci\u00f3n y Desarrollo Empresarial\"},\"image\":{\"@id\":\"https:\\\/\\\/incie.org\\\/latam\\\/#\\\/schema\\\/logo\\\/image\\\/\"}}]}<\/script>\n<!-- \/ Yoast SEO plugin. -->","yoast_head_json":{"title":"Cursos de Desarrollo Profesional - Instituto para la competitividad, Innovaci\u00f3n y Desarrollo Empresarial","robots":{"index":"index","follow":"follow","max-snippet":"max-snippet:-1","max-image-preview":"max-image-preview:large","max-video-preview":"max-video-preview:-1"},"canonical":"https:\/\/incie.org\/latam\/business-education\/cursos-de-desarrollo-profesional\/","og_locale":"es_ES","og_type":"article","og_title":"Cursos de Desarrollo Profesional - Instituto para la competitividad, Innovaci\u00f3n y Desarrollo Empresarial","og_description":"Cursos de Desarrollo Profesional \u00ab Ir a Business education Cursos\u2026","og_url":"https:\/\/incie.org\/latam\/business-education\/cursos-de-desarrollo-profesional\/","og_site_name":"Instituto para la competitividad, Innovaci\u00f3n y Desarrollo Empresarial","article_modified_time":"2022-04-02T00:30:07+00:00","og_image":[{"url":"https:\/\/incie.org\/latam\/wp-content\/uploads\/2022\/04\/x003-2.jpg","type":"","width":"","height":""}],"twitter_card":"summary_large_image","twitter_misc":{"Tiempo de lectura":"2 minutos"},"schema":{"@context":"https:\/\/schema.org","@graph":[{"@type":"WebPage","@id":"https:\/\/incie.org\/latam\/business-education\/cursos-de-desarrollo-profesional\/","url":"https:\/\/incie.org\/latam\/business-education\/cursos-de-desarrollo-profesional\/","name":"Cursos de Desarrollo Profesional - Instituto para la competitividad, Innovaci\u00f3n y Desarrollo Empresarial","isPartOf":{"@id":"https:\/\/incie.org\/latam\/#website"},"primaryImageOfPage":{"@id":"https:\/\/incie.org\/latam\/business-education\/cursos-de-desarrollo-profesional\/#primaryimage"},"image":{"@id":"https:\/\/incie.org\/latam\/business-education\/cursos-de-desarrollo-profesional\/#primaryimage"},"thumbnailUrl":"https:\/\/incie.org\/latam\/wp-content\/uploads\/2022\/04\/x003-2.jpg","datePublished":"2022-04-02T00:30:03+00:00","dateModified":"2022-04-02T00:30:07+00:00","breadcrumb":{"@id":"https:\/\/incie.org\/latam\/business-education\/cursos-de-desarrollo-profesional\/#breadcrumb"},"inLanguage":"es","potentialAction":[{"@type":"ReadAction","target":["https:\/\/incie.org\/latam\/business-education\/cursos-de-desarrollo-profesional\/"]}]},{"@type":"ImageObject","inLanguage":"es","@id":"https:\/\/incie.org\/latam\/business-education\/cursos-de-desarrollo-profesional\/#primaryimage","url":"https:\/\/i0.wp.com\/incie.org\/latam\/wp-content\/uploads\/2022\/04\/x003-2.jpg?fit=300%2C500&ssl=1","contentUrl":"https:\/\/i0.wp.com\/incie.org\/latam\/wp-content\/uploads\/2022\/04\/x003-2.jpg?fit=300%2C500&ssl=1","width":300,"height":500},{"@type":"BreadcrumbList","@id":"https:\/\/incie.org\/latam\/business-education\/cursos-de-desarrollo-profesional\/#breadcrumb","itemListElement":[{"@type":"ListItem","position":1,"name":"Home","item":"https:\/\/incie.org\/latam\/"},{"@type":"ListItem","position":2,"name":"Business Education","item":"https:\/\/incie.org\/latam\/business-education\/"},{"@type":"ListItem","position":3,"name":"Cursos de Desarrollo Profesional"}]},{"@type":"WebSite","@id":"https:\/\/incie.org\/latam\/#website","url":"https:\/\/incie.org\/latam\/","name":"Instituto para la competitividad, Innovaci\u00f3n y Desarrollo Empresarial","description":"","publisher":{"@id":"https:\/\/incie.org\/latam\/#organization"},"potentialAction":[{"@type":"SearchAction","target":{"@type":"EntryPoint","urlTemplate":"https:\/\/incie.org\/latam\/?s={search_term_string}"},"query-input":{"@type":"PropertyValueSpecification","valueRequired":true,"valueName":"search_term_string"}}],"inLanguage":"es"},{"@type":"Organization","@id":"https:\/\/incie.org\/latam\/#organization","name":"Instituto para la competitividad, Innovaci\u00f3n y Desarrollo Empresarial","url":"https:\/\/incie.org\/latam\/","logo":{"@type":"ImageObject","inLanguage":"es","@id":"https:\/\/incie.org\/latam\/#\/schema\/logo\/image\/","url":"https:\/\/i0.wp.com\/incie.org\/latam\/wp-content\/uploads\/2025\/12\/cropped-LOGOO-INCIE-AZUL-01-P.png?fit=185%2C45&ssl=1","contentUrl":"https:\/\/i0.wp.com\/incie.org\/latam\/wp-content\/uploads\/2025\/12\/cropped-LOGOO-INCIE-AZUL-01-P.png?fit=185%2C45&ssl=1","width":185,"height":45,"caption":"Instituto para la competitividad, Innovaci\u00f3n y Desarrollo Empresarial"},"image":{"@id":"https:\/\/incie.org\/latam\/#\/schema\/logo\/image\/"}}]}},"jetpack_sharing_enabled":true,"_links":{"self":[{"href":"https:\/\/incie.org\/latam\/wp-json\/wp\/v2\/pages\/1391","targetHints":{"allow":["GET"]}}],"collection":[{"href":"https:\/\/incie.org\/latam\/wp-json\/wp\/v2\/pages"}],"about":[{"href":"https:\/\/incie.org\/latam\/wp-json\/wp\/v2\/types\/page"}],"author":[{"embeddable":true,"href":"https:\/\/incie.org\/latam\/wp-json\/wp\/v2\/users\/1"}],"replies":[{"embeddable":true,"href":"https:\/\/incie.org\/latam\/wp-json\/wp\/v2\/comments?post=1391"}],"version-history":[{"count":1,"href":"https:\/\/incie.org\/latam\/wp-json\/wp\/v2\/pages\/1391\/revisions"}],"predecessor-version":[{"id":1393,"href":"https:\/\/incie.org\/latam\/wp-json\/wp\/v2\/pages\/1391\/revisions\/1393"}],"up":[{"embeddable":true,"href":"https:\/\/incie.org\/latam\/wp-json\/wp\/v2\/pages\/179"}],"wp:attachment":[{"href":"https:\/\/incie.org\/latam\/wp-json\/wp\/v2\/media?parent=1391"}],"curies":[{"name":"wp","href":"https:\/\/api.w.org\/{rel}","templated":true}]}}