{"id":1379,"date":"2022-04-01T23:59:13","date_gmt":"2022-04-01T23:59:13","guid":{"rendered":"https:\/\/incie.org\/latam\/?page_id=1379"},"modified":"2023-02-01T16:29:00","modified_gmt":"2023-02-01T16:29:00","slug":"aplicaciones-de-oficina-para-la-productividad","status":"publish","type":"page","link":"https:\/\/incie.org\/latam\/business-education\/cursos-tecnicos\/aplicaciones-de-oficina-para-la-productividad\/","title":{"rendered":"Diplomado Aplicaciones de Oficina para la Productividad"},"content":{"rendered":"\n<div class=\"wp-block-columns is-layout-flex wp-container-core-columns-is-layout-9d6595d7 wp-block-columns-is-layout-flex\">\n<div class=\"wp-block-column is-layout-flow wp-block-column-is-layout-flow\" style=\"flex-basis:20%\">\n<h2 class=\"has-text-align-right wp-block-heading\" style=\"font-style:normal;font-weight:300\">Cursos T\u00e9cnicos Especializados<\/h2>\n\n\n\n<p><a href=\"https:\/\/incie.org\/latam\/business-education\/cursos-tecnicos\/\">\u00ab Ver todos los cursos t\u00e9cnicos<\/a><\/p>\n<\/div>\n\n\n\n<div class=\"wp-block-column is-layout-flow wp-block-column-is-layout-flow\" style=\"flex-basis:55%\">\n<figure class=\"wp-block-image size-full\"><img data-recalc-dims=\"1\" decoding=\"async\" width=\"660\" height=\"200\" loading=\"lazy\" src=\"https:\/\/i0.wp.com\/incie.org\/latam\/wp-content\/uploads\/2022\/04\/oficina-001.jpg?resize=660%2C200&#038;ssl=1\" alt=\"\" class=\"wp-image-1383\" srcset=\"https:\/\/i0.wp.com\/incie.org\/latam\/wp-content\/uploads\/2022\/04\/oficina-001.jpg?w=660&amp;ssl=1 660w, https:\/\/i0.wp.com\/incie.org\/latam\/wp-content\/uploads\/2022\/04\/oficina-001.jpg?resize=300%2C91&amp;ssl=1 300w, https:\/\/i0.wp.com\/incie.org\/latam\/wp-content\/uploads\/2022\/04\/oficina-001.jpg?resize=600%2C182&amp;ssl=1 600w\" sizes=\"auto, (max-width: 660px) 100vw, 660px\" \/><\/figure>\n\n\n\n<h1 class=\"wp-block-heading\">Diplomado Aplicaciones de Oficina para la Productividad<\/h1>\n\n\n\n<p>+ <strong>Nivel:<\/strong> B\u00e1sico<br><strong>+ Metodolog\u00eda: <\/strong>Pr\u00e1ctico, paso a paso.<br><strong>+ Incluye: <\/strong>Sesiones personalizadas<br>+ <strong>Horario:<\/strong> Ma\u00f1ana, tarde, noche y fines de semana.<br><strong>+ Duraci\u00f3n:<\/strong> 5 Meses.<br><strong>+ Modalidad: <\/strong>En l\u00ednea, Zoom, Teams, o Google<br><strong>+ Facilitador:<\/strong> Gustavo Gir\u00f3n, Especialista Certificado Microsoft.<\/p>\n\n\n\n<p><strong>Dirigido:<\/strong> Quienes deseen aprender a manejar con eficiencia informaci\u00f3n robusta en Microsoft Excel, obtenci\u00f3n y gesti\u00f3n de datos para la impresi\u00f3n o presentaci\u00f3n.<\/p>\n\n\n\n<p><strong>Descripci\u00f3n:<\/strong> Excel es utilizado para m\u00faltiples tareas en distintas \u00e1reas de trabajo, convirti\u00e9ndose en el mejor aliado de los profesionales que se desempe\u00f1an en labores financieras, administrativas y contables en distintas organizaciones.<\/p>\n\n\n\n<p>Son millones las personas que usan Excel d\u00eda a d\u00eda, tanto en el \u00e1mbito profesional como en el personal, facilitando su trabajo y ahorrando tiempo.<\/p>\n\n\n\n<p><strong>Contenidos del curso<\/strong><\/p>\n\n\n\n<div class=\"wp-block-columns is-layout-flex wp-container-core-columns-is-layout-9d6595d7 wp-block-columns-is-layout-flex\">\n<div class=\"wp-block-column is-layout-flow wp-block-column-is-layout-flow\"><\/div>\n\n\n\n<div class=\"wp-block-column is-layout-flow wp-block-column-is-layout-flow\" style=\"flex-basis:45%\">\n<p><strong>Windows 10<\/strong><\/p>\n\n\n\n<ul class=\"wp-block-list\">\n<li>Partes b\u00e1sicas<\/li>\n\n\n\n<li>Gesti\u00f3n de archivos y carpetas<\/li>\n\n\n\n<li>Configuraci\u00f3n de equipo<\/li>\n\n\n\n<li>Instalaci\u00f3n y configuraci\u00f3n de software<\/li>\n\n\n\n<li>Instalaci\u00f3n y configuraci\u00f3n de hardware<\/li>\n<\/ul>\n\n\n\n<p><strong>Microsoft Excel<\/strong><\/p>\n\n\n\n<ul class=\"wp-block-list\">\n<li>Introducci\u00f3n al programa<\/li>\n\n\n\n<li>Gesti\u00f3n de Libros y Hojas de C\u00e1lculos<\/li>\n\n\n\n<li>Formatos y estilos<\/li>\n\n\n\n<li>trabajando con tablas y datos<\/li>\n\n\n\n<li>Orden y filtros<\/li>\n\n\n\n<li>Configuraci\u00f3n para impresi\u00f3n<\/li>\n\n\n\n<li>Insertar objetos<\/li>\n\n\n\n<li>Formulas y Funciones<\/li>\n\n\n\n<li>Funciones l\u00f3gicas y contable<\/li>\n\n\n\n<li>Tablas din\u00e1micas<\/li>\n\n\n\n<li>Gr\u00e1ficos<\/li>\n\n\n\n<li>Macros<\/li>\n<\/ul>\n\n\n\n<p><strong>Microsoft Outlook<\/strong><\/p>\n\n\n\n<ul class=\"wp-block-list\">\n<li>Cuentas de correo <\/li>\n\n\n\n<li>Servicios de Cuentas de correo <\/li>\n\n\n\n<li>Calendario <\/li>\n\n\n\n<li>Contactos <\/li>\n\n\n\n<li>Eventos <\/li>\n\n\n\n<li>Trabajo colaborativo<\/li>\n<\/ul>\n<\/div>\n\n\n\n<div class=\"wp-block-column is-layout-flow wp-block-column-is-layout-flow\" style=\"flex-basis:45%\">\n<p><strong>Microsoft Word<\/strong><\/p>\n\n\n\n<ul class=\"wp-block-list\">\n<li>Introducci\u00f3n al programa <\/li>\n\n\n\n<li>Gesti\u00f3n de documentos y paginas <\/li>\n\n\n\n<li>Formatos y estilos <\/li>\n\n\n\n<li>Insertar elementos <\/li>\n\n\n\n<li>Configuraci\u00f3n para impresi\u00f3n <\/li>\n\n\n\n<li>Hiperv\u00ednculos <\/li>\n\n\n\n<li>Gesti\u00f3n de documentos en la nube <\/li>\n\n\n\n<li>Trabajo colaborativo<\/li>\n<\/ul>\n\n\n\n<p><strong>Microsoft PowerPoint<\/strong><\/p>\n\n\n\n<ul class=\"wp-block-list\">\n<li>Introducci\u00f3n al programa<\/li>\n\n\n\n<li>Formatos y estilos<\/li>\n\n\n\n<li>trabajando con tablas y datos<\/li>\n\n\n\n<li>Configuraci\u00f3n para impresi\u00f3n<\/li>\n\n\n\n<li>Insertar objetos<\/li>\n\n\n\n<li>transici\u00f3n y animaciones<\/li>\n\n\n\n<li>Configuraci\u00f3n para impresi\u00f3n<\/li>\n\n\n\n<li>Presentaciones profesionales<\/li>\n<\/ul>\n\n\n\n<p><strong>Internet<\/strong><\/p>\n\n\n\n<ul class=\"wp-block-list\">\n<li>Servicios b\u00e1sicos de internet<\/li>\n\n\n\n<li>Seguridad y Virus de internet<\/li>\n\n\n\n<li>Navegadores<\/li>\n\n\n\n<li>Buscadores y sitios de inter\u00e9s<\/li>\n\n\n\n<li>Compas por internet<\/li>\n<\/ul>\n<\/div>\n<\/div>\n\n\n\n<div class=\"wp-block-columns is-layout-flex wp-container-core-columns-is-layout-9d6595d7 wp-block-columns-is-layout-flex\">\n<div class=\"wp-block-column is-layout-flow wp-block-column-is-layout-flow\">\n<hr class=\"wp-block-separator has-css-opacity is-style-wide\"\/>\n<\/div>\n<\/div>\n\n\n\n<p><strong>Beneficios<\/strong><\/p>\n\n\n\n<ul class=\"wp-block-list\">\n<li>Curso 100% pr\u00e1ctico.<\/li>\n\n\n\n<li>Instructor Certificado Microsoft<\/li>\n\n\n\n<li>Capacitaci\u00f3n Online &#8211; por ZOOM<\/li>\n\n\n\n<li>Clases grabadas para repetir<\/li>\n\n\n\n<li>Acceso a plataforma por 1 a\u00f1o<\/li>\n\n\n\n<li>Soporte t\u00e9cnico y seguimiento<\/li>\n\n\n\n<li>Certificado con valor internacional<\/li>\n<\/ul>\n\n\n\n<div style=\"height:30px\" aria-hidden=\"true\" class=\"wp-block-spacer\"><\/div>\n<\/div>\n\n\n\n<div class=\"wp-block-column is-layout-flow wp-block-column-is-layout-flow\" style=\"flex-basis:25%\">\n<div class=\"wp-block-buttons is-content-justification-center is-layout-flex wp-container-core-buttons-is-layout-16018d1d wp-block-buttons-is-layout-flex\">\n<div class=\"wp-block-button has-custom-width wp-block-button__width-100\"><a class=\"wp-block-button__link wp-element-button\" href=\"https:\/\/lk.wompi.sv\/rDr5\">Comprar este curso<\/a><\/div>\n\n\n\n<div class=\"wp-block-button has-custom-width wp-block-button__width-100 is-style-outline is-style-outline--1\"><a class=\"wp-block-button__link wp-element-button\" href=\"https:\/\/incie.org\/latam\/chatear-el-salvador\/\">Chatear por WhatsApp \u00bb<\/a><\/div>\n<\/div>\n<\/div>\n<\/div>\n\n\n\n<p><\/p>\n","protected":false},"excerpt":{"rendered":"<p>Cursos T\u00e9cnicos Especializados \u00ab Ver todos los cursos t\u00e9cnicos Diplomado\u2026<\/p>\n","protected":false},"author":1,"featured_media":0,"parent":1239,"menu_order":0,"comment_status":"closed","ping_status":"closed","template":"","meta":{"nf_dc_page":"","om_disable_all_campaigns":false,"footnotes":""},"class_list":["post-1379","page","type-page","status-publish","hentry"],"yoast_head":"<!-- This site is optimized with the Yoast SEO plugin v27.5 - https:\/\/yoast.com\/product\/yoast-seo-wordpress\/ -->\n<title>Diplomado Aplicaciones de Oficina para la Productividad - Instituto para la competitividad, Innovaci\u00f3n y Desarrollo Empresarial<\/title>\n<meta name=\"robots\" content=\"index, follow, max-snippet:-1, max-image-preview:large, max-video-preview:-1\" \/>\n<link rel=\"canonical\" href=\"https:\/\/incie.org\/latam\/business-education\/cursos-tecnicos\/aplicaciones-de-oficina-para-la-productividad\/\" \/>\n<meta property=\"og:locale\" content=\"es_ES\" \/>\n<meta property=\"og:type\" content=\"article\" \/>\n<meta property=\"og:title\" content=\"Diplomado Aplicaciones de Oficina para la Productividad - Instituto para la competitividad, Innovaci\u00f3n y Desarrollo Empresarial\" \/>\n<meta property=\"og:description\" content=\"Cursos T\u00e9cnicos Especializados \u00ab Ver todos los cursos t\u00e9cnicos Diplomado\u2026\" \/>\n<meta property=\"og:url\" content=\"https:\/\/incie.org\/latam\/business-education\/cursos-tecnicos\/aplicaciones-de-oficina-para-la-productividad\/\" \/>\n<meta property=\"og:site_name\" content=\"Instituto para la competitividad, Innovaci\u00f3n y Desarrollo Empresarial\" \/>\n<meta property=\"article:modified_time\" content=\"2023-02-01T16:29:00+00:00\" \/>\n<meta property=\"og:image\" content=\"https:\/\/incie.org\/latam\/wp-content\/uploads\/2022\/04\/oficina-001.jpg\" \/>\n<meta name=\"twitter:card\" content=\"summary_large_image\" \/>\n<meta name=\"twitter:label1\" content=\"Tiempo de lectura\" \/>\n\t<meta name=\"twitter:data1\" content=\"2 minutos\" \/>\n<script type=\"application\/ld+json\" class=\"yoast-schema-graph\">{\"@context\":\"https:\\\/\\\/schema.org\",\"@graph\":[{\"@type\":\"WebPage\",\"@id\":\"https:\\\/\\\/incie.org\\\/latam\\\/business-education\\\/cursos-tecnicos\\\/aplicaciones-de-oficina-para-la-productividad\\\/\",\"url\":\"https:\\\/\\\/incie.org\\\/latam\\\/business-education\\\/cursos-tecnicos\\\/aplicaciones-de-oficina-para-la-productividad\\\/\",\"name\":\"Diplomado Aplicaciones de Oficina para la Productividad - Instituto para la competitividad, Innovaci\u00f3n y Desarrollo Empresarial\",\"isPartOf\":{\"@id\":\"https:\\\/\\\/incie.org\\\/latam\\\/#website\"},\"primaryImageOfPage\":{\"@id\":\"https:\\\/\\\/incie.org\\\/latam\\\/business-education\\\/cursos-tecnicos\\\/aplicaciones-de-oficina-para-la-productividad\\\/#primaryimage\"},\"image\":{\"@id\":\"https:\\\/\\\/incie.org\\\/latam\\\/business-education\\\/cursos-tecnicos\\\/aplicaciones-de-oficina-para-la-productividad\\\/#primaryimage\"},\"thumbnailUrl\":\"https:\\\/\\\/incie.org\\\/latam\\\/wp-content\\\/uploads\\\/2022\\\/04\\\/oficina-001.jpg\",\"datePublished\":\"2022-04-01T23:59:13+00:00\",\"dateModified\":\"2023-02-01T16:29:00+00:00\",\"breadcrumb\":{\"@id\":\"https:\\\/\\\/incie.org\\\/latam\\\/business-education\\\/cursos-tecnicos\\\/aplicaciones-de-oficina-para-la-productividad\\\/#breadcrumb\"},\"inLanguage\":\"es\",\"potentialAction\":[{\"@type\":\"ReadAction\",\"target\":[\"https:\\\/\\\/incie.org\\\/latam\\\/business-education\\\/cursos-tecnicos\\\/aplicaciones-de-oficina-para-la-productividad\\\/\"]}]},{\"@type\":\"ImageObject\",\"inLanguage\":\"es\",\"@id\":\"https:\\\/\\\/incie.org\\\/latam\\\/business-education\\\/cursos-tecnicos\\\/aplicaciones-de-oficina-para-la-productividad\\\/#primaryimage\",\"url\":\"https:\\\/\\\/i0.wp.com\\\/incie.org\\\/latam\\\/wp-content\\\/uploads\\\/2022\\\/04\\\/oficina-001.jpg?fit=660%2C200&ssl=1\",\"contentUrl\":\"https:\\\/\\\/i0.wp.com\\\/incie.org\\\/latam\\\/wp-content\\\/uploads\\\/2022\\\/04\\\/oficina-001.jpg?fit=660%2C200&ssl=1\",\"width\":660,\"height\":200},{\"@type\":\"BreadcrumbList\",\"@id\":\"https:\\\/\\\/incie.org\\\/latam\\\/business-education\\\/cursos-tecnicos\\\/aplicaciones-de-oficina-para-la-productividad\\\/#breadcrumb\",\"itemListElement\":[{\"@type\":\"ListItem\",\"position\":1,\"name\":\"Home\",\"item\":\"https:\\\/\\\/incie.org\\\/latam\\\/\"},{\"@type\":\"ListItem\",\"position\":2,\"name\":\"Business Education\",\"item\":\"https:\\\/\\\/incie.org\\\/latam\\\/business-education\\\/\"},{\"@type\":\"ListItem\",\"position\":3,\"name\":\"Cursos T\u00e9cnicos\",\"item\":\"https:\\\/\\\/incie.org\\\/latam\\\/business-education\\\/cursos-tecnicos\\\/\"},{\"@type\":\"ListItem\",\"position\":4,\"name\":\"Diplomado Aplicaciones de Oficina para la Productividad\"}]},{\"@type\":\"WebSite\",\"@id\":\"https:\\\/\\\/incie.org\\\/latam\\\/#website\",\"url\":\"https:\\\/\\\/incie.org\\\/latam\\\/\",\"name\":\"Instituto para la competitividad, Innovaci\u00f3n y Desarrollo Empresarial\",\"description\":\"\",\"publisher\":{\"@id\":\"https:\\\/\\\/incie.org\\\/latam\\\/#organization\"},\"potentialAction\":[{\"@type\":\"SearchAction\",\"target\":{\"@type\":\"EntryPoint\",\"urlTemplate\":\"https:\\\/\\\/incie.org\\\/latam\\\/?s={search_term_string}\"},\"query-input\":{\"@type\":\"PropertyValueSpecification\",\"valueRequired\":true,\"valueName\":\"search_term_string\"}}],\"inLanguage\":\"es\"},{\"@type\":\"Organization\",\"@id\":\"https:\\\/\\\/incie.org\\\/latam\\\/#organization\",\"name\":\"Instituto para la competitividad, Innovaci\u00f3n y Desarrollo Empresarial\",\"url\":\"https:\\\/\\\/incie.org\\\/latam\\\/\",\"logo\":{\"@type\":\"ImageObject\",\"inLanguage\":\"es\",\"@id\":\"https:\\\/\\\/incie.org\\\/latam\\\/#\\\/schema\\\/logo\\\/image\\\/\",\"url\":\"https:\\\/\\\/i0.wp.com\\\/incie.org\\\/latam\\\/wp-content\\\/uploads\\\/2025\\\/12\\\/cropped-LOGOO-INCIE-AZUL-01-P.png?fit=185%2C45&ssl=1\",\"contentUrl\":\"https:\\\/\\\/i0.wp.com\\\/incie.org\\\/latam\\\/wp-content\\\/uploads\\\/2025\\\/12\\\/cropped-LOGOO-INCIE-AZUL-01-P.png?fit=185%2C45&ssl=1\",\"width\":185,\"height\":45,\"caption\":\"Instituto para la competitividad, Innovaci\u00f3n y Desarrollo Empresarial\"},\"image\":{\"@id\":\"https:\\\/\\\/incie.org\\\/latam\\\/#\\\/schema\\\/logo\\\/image\\\/\"}}]}<\/script>\n<!-- \/ Yoast SEO plugin. -->","yoast_head_json":{"title":"Diplomado Aplicaciones de Oficina para la Productividad - Instituto para la competitividad, Innovaci\u00f3n y Desarrollo Empresarial","robots":{"index":"index","follow":"follow","max-snippet":"max-snippet:-1","max-image-preview":"max-image-preview:large","max-video-preview":"max-video-preview:-1"},"canonical":"https:\/\/incie.org\/latam\/business-education\/cursos-tecnicos\/aplicaciones-de-oficina-para-la-productividad\/","og_locale":"es_ES","og_type":"article","og_title":"Diplomado Aplicaciones de Oficina para la Productividad - Instituto para la competitividad, Innovaci\u00f3n y Desarrollo Empresarial","og_description":"Cursos T\u00e9cnicos Especializados \u00ab Ver todos los cursos t\u00e9cnicos Diplomado\u2026","og_url":"https:\/\/incie.org\/latam\/business-education\/cursos-tecnicos\/aplicaciones-de-oficina-para-la-productividad\/","og_site_name":"Instituto para la competitividad, Innovaci\u00f3n y Desarrollo Empresarial","article_modified_time":"2023-02-01T16:29:00+00:00","og_image":[{"url":"https:\/\/incie.org\/latam\/wp-content\/uploads\/2022\/04\/oficina-001.jpg","type":"","width":"","height":""}],"twitter_card":"summary_large_image","twitter_misc":{"Tiempo de lectura":"2 minutos"},"schema":{"@context":"https:\/\/schema.org","@graph":[{"@type":"WebPage","@id":"https:\/\/incie.org\/latam\/business-education\/cursos-tecnicos\/aplicaciones-de-oficina-para-la-productividad\/","url":"https:\/\/incie.org\/latam\/business-education\/cursos-tecnicos\/aplicaciones-de-oficina-para-la-productividad\/","name":"Diplomado Aplicaciones de Oficina para la Productividad - Instituto para la competitividad, Innovaci\u00f3n y Desarrollo Empresarial","isPartOf":{"@id":"https:\/\/incie.org\/latam\/#website"},"primaryImageOfPage":{"@id":"https:\/\/incie.org\/latam\/business-education\/cursos-tecnicos\/aplicaciones-de-oficina-para-la-productividad\/#primaryimage"},"image":{"@id":"https:\/\/incie.org\/latam\/business-education\/cursos-tecnicos\/aplicaciones-de-oficina-para-la-productividad\/#primaryimage"},"thumbnailUrl":"https:\/\/incie.org\/latam\/wp-content\/uploads\/2022\/04\/oficina-001.jpg","datePublished":"2022-04-01T23:59:13+00:00","dateModified":"2023-02-01T16:29:00+00:00","breadcrumb":{"@id":"https:\/\/incie.org\/latam\/business-education\/cursos-tecnicos\/aplicaciones-de-oficina-para-la-productividad\/#breadcrumb"},"inLanguage":"es","potentialAction":[{"@type":"ReadAction","target":["https:\/\/incie.org\/latam\/business-education\/cursos-tecnicos\/aplicaciones-de-oficina-para-la-productividad\/"]}]},{"@type":"ImageObject","inLanguage":"es","@id":"https:\/\/incie.org\/latam\/business-education\/cursos-tecnicos\/aplicaciones-de-oficina-para-la-productividad\/#primaryimage","url":"https:\/\/i0.wp.com\/incie.org\/latam\/wp-content\/uploads\/2022\/04\/oficina-001.jpg?fit=660%2C200&ssl=1","contentUrl":"https:\/\/i0.wp.com\/incie.org\/latam\/wp-content\/uploads\/2022\/04\/oficina-001.jpg?fit=660%2C200&ssl=1","width":660,"height":200},{"@type":"BreadcrumbList","@id":"https:\/\/incie.org\/latam\/business-education\/cursos-tecnicos\/aplicaciones-de-oficina-para-la-productividad\/#breadcrumb","itemListElement":[{"@type":"ListItem","position":1,"name":"Home","item":"https:\/\/incie.org\/latam\/"},{"@type":"ListItem","position":2,"name":"Business Education","item":"https:\/\/incie.org\/latam\/business-education\/"},{"@type":"ListItem","position":3,"name":"Cursos T\u00e9cnicos","item":"https:\/\/incie.org\/latam\/business-education\/cursos-tecnicos\/"},{"@type":"ListItem","position":4,"name":"Diplomado Aplicaciones de Oficina para la Productividad"}]},{"@type":"WebSite","@id":"https:\/\/incie.org\/latam\/#website","url":"https:\/\/incie.org\/latam\/","name":"Instituto para la competitividad, Innovaci\u00f3n y Desarrollo Empresarial","description":"","publisher":{"@id":"https:\/\/incie.org\/latam\/#organization"},"potentialAction":[{"@type":"SearchAction","target":{"@type":"EntryPoint","urlTemplate":"https:\/\/incie.org\/latam\/?s={search_term_string}"},"query-input":{"@type":"PropertyValueSpecification","valueRequired":true,"valueName":"search_term_string"}}],"inLanguage":"es"},{"@type":"Organization","@id":"https:\/\/incie.org\/latam\/#organization","name":"Instituto para la competitividad, Innovaci\u00f3n y Desarrollo Empresarial","url":"https:\/\/incie.org\/latam\/","logo":{"@type":"ImageObject","inLanguage":"es","@id":"https:\/\/incie.org\/latam\/#\/schema\/logo\/image\/","url":"https:\/\/i0.wp.com\/incie.org\/latam\/wp-content\/uploads\/2025\/12\/cropped-LOGOO-INCIE-AZUL-01-P.png?fit=185%2C45&ssl=1","contentUrl":"https:\/\/i0.wp.com\/incie.org\/latam\/wp-content\/uploads\/2025\/12\/cropped-LOGOO-INCIE-AZUL-01-P.png?fit=185%2C45&ssl=1","width":185,"height":45,"caption":"Instituto para la competitividad, Innovaci\u00f3n y Desarrollo Empresarial"},"image":{"@id":"https:\/\/incie.org\/latam\/#\/schema\/logo\/image\/"}}]}},"jetpack_sharing_enabled":true,"_links":{"self":[{"href":"https:\/\/incie.org\/latam\/wp-json\/wp\/v2\/pages\/1379","targetHints":{"allow":["GET"]}}],"collection":[{"href":"https:\/\/incie.org\/latam\/wp-json\/wp\/v2\/pages"}],"about":[{"href":"https:\/\/incie.org\/latam\/wp-json\/wp\/v2\/types\/page"}],"author":[{"embeddable":true,"href":"https:\/\/incie.org\/latam\/wp-json\/wp\/v2\/users\/1"}],"replies":[{"embeddable":true,"href":"https:\/\/incie.org\/latam\/wp-json\/wp\/v2\/comments?post=1379"}],"version-history":[{"count":4,"href":"https:\/\/incie.org\/latam\/wp-json\/wp\/v2\/pages\/1379\/revisions"}],"predecessor-version":[{"id":1671,"href":"https:\/\/incie.org\/latam\/wp-json\/wp\/v2\/pages\/1379\/revisions\/1671"}],"up":[{"embeddable":true,"href":"https:\/\/incie.org\/latam\/wp-json\/wp\/v2\/pages\/1239"}],"wp:attachment":[{"href":"https:\/\/incie.org\/latam\/wp-json\/wp\/v2\/media?parent=1379"}],"curies":[{"name":"wp","href":"https:\/\/api.w.org\/{rel}","templated":true}]}}