{"id":1321,"date":"2022-04-01T15:00:39","date_gmt":"2022-04-01T15:00:39","guid":{"rendered":"https:\/\/incie.org\/latam\/?page_id=1321"},"modified":"2022-04-01T20:33:29","modified_gmt":"2022-04-01T20:33:29","slug":"microsoft-excel-nivel-2","status":"publish","type":"page","link":"https:\/\/incie.org\/latam\/business-education\/cursos-tecnicos\/microsoft-excel-nivel-2\/","title":{"rendered":"Microsoft Excel Nivel 2"},"content":{"rendered":"\n<div class=\"wp-block-columns is-layout-flex wp-container-core-columns-is-layout-9d6595d7 wp-block-columns-is-layout-flex\">\n<div class=\"wp-block-column is-layout-flow wp-block-column-is-layout-flow\" style=\"flex-basis:20%\">\n<h2 class=\"has-text-align-right wp-block-heading\" style=\"font-style:normal;font-weight:300\">Cursos T\u00e9cnicos Especializados<\/h2>\n\n\n\n<p><a href=\"https:\/\/incie.org\/latam\/business-education\/cursos-tecnicos\/\">\u00ab Ver todos los cursos t\u00e9cnicos<\/a><\/p>\n<\/div>\n\n\n\n<div class=\"wp-block-column is-layout-flow wp-block-column-is-layout-flow\" style=\"flex-basis:55%\">\n<figure class=\"wp-block-image size-full\"><img data-recalc-dims=\"1\" decoding=\"async\" width=\"660\" height=\"200\" loading=\"lazy\" src=\"https:\/\/i0.wp.com\/incie.org\/latam\/wp-content\/uploads\/2022\/04\/excel-001-01.jpg?resize=660%2C200&#038;ssl=1\" alt=\"\" class=\"wp-image-1289\" srcset=\"https:\/\/i0.wp.com\/incie.org\/latam\/wp-content\/uploads\/2022\/04\/excel-001-01.jpg?w=660&amp;ssl=1 660w, https:\/\/i0.wp.com\/incie.org\/latam\/wp-content\/uploads\/2022\/04\/excel-001-01.jpg?resize=300%2C91&amp;ssl=1 300w, https:\/\/i0.wp.com\/incie.org\/latam\/wp-content\/uploads\/2022\/04\/excel-001-01.jpg?resize=600%2C182&amp;ssl=1 600w\" sizes=\"auto, (max-width: 660px) 100vw, 660px\" \/><\/figure>\n\n\n\n<h1 class=\"wp-block-heading\">Microsoft Excel nivel 2<\/h1>\n\n\n\n<p>+ <strong>Nivel:<\/strong> B\u00e1sico intermedio<br><strong>+ Metodolog\u00eda: <\/strong>Pr\u00e1ctico, paso a paso.<br><strong>+ Incluye: <\/strong>Sesiones personalizadas<br>+ <strong>Horario:<\/strong> Ma\u00f1ana, tarde, noche y fines de semana.<br><strong>+ Duraci\u00f3n:<\/strong> 12 horas por m\u00f3dulo.<br><strong>+ Modalidad: <\/strong>En l\u00ednea, Zoom, Teams, o Google<br><strong>+ Facilitador:<\/strong> Luis V\u00e1squez, Especialista Certificado Microsoft.<\/p>\n\n\n\n<p><strong>Dirigido:<\/strong> Quienes deseen aprender a profundidad herramientas de productividad en  Excel partiendo desde lo b\u00e1sico hasta dominarlo de forma profesional y eficiente.<\/p>\n\n\n\n<p><strong>Descripci\u00f3n:<\/strong> Excel es utilizado para m\u00faltiples tareas en distintas \u00e1reas de trabajo, convirti\u00e9ndose en el mejor aliado de los profesionales que se desempe\u00f1an en labores financieras, administrativas y contables en distintas organizaciones.<\/p>\n\n\n\n<p>Son millones las personas que usan Excel d\u00eda a d\u00eda, tanto en el \u00e1mbito profesional como en el personal, facilitando su trabajo y ahorrando tiempo.<\/p>\n\n\n\n<p><strong>Contenidos del curso<\/strong><\/p>\n\n\n\n<ol class=\"wp-block-list\"><li>Trabajo Colaborativo | One Drive<\/li><li>Formatos Condicionales<\/li><li>Insertar<\/li><li>Ilustraciones &#8211; Cuadros de Texto<\/li><li>Ilustraciones &#8211; Modelos 3d<\/li><li>Ilustraciones &#8211; Iconos<\/li><li>Ilustraciones &#8211; Smartart<\/li><li>Funciones<\/li><li>Funciones Adicionales<\/li><li>Concatenar Datos<\/li><li>Matem\u00e1ticas y Trigonom\u00e9tricas<\/li><li>Funciones con Fecha y Hora<\/li><li>Funciones de Estad\u00edstica<\/li><li>Tablas Din\u00e1micas<\/li><li>Gr\u00e1ficos<\/li><li>Avanzados<\/li><li>Gr\u00e1ficos Din\u00e1micos<\/li><li>Importar y Exportar Datos<\/li><li>Configuraciones Especiales de Archivos<\/li><li>Integraci\u00f3n con Office<\/li><\/ol>\n\n\n\n<p><strong>Beneficios<\/strong><\/p>\n\n\n\n<ul class=\"wp-block-list\"><li>Curso 100% pr\u00e1ctico.<\/li><li>Instructor Certificado Microsoft<\/li><li>Capacitaci\u00f3n Online &#8211; por ZOOM<\/li><li>Clases grabadas para repetir<\/li><li>Acceso a plataforma por 1 a\u00f1o<\/li><li>Soporte t\u00e9cnico y seguimiento<\/li><li>Certificado con valor internacional<\/li><\/ul>\n\n\n\n<div style=\"height:30px\" aria-hidden=\"true\" class=\"wp-block-spacer\"><\/div>\n\n\n\n<div class=\"wp-block-buttons is-content-justification-center is-layout-flex wp-container-core-buttons-is-layout-16018d1d wp-block-buttons-is-layout-flex\">\n<div class=\"wp-block-button\"><a class=\"wp-block-button__link\" href=\"https:\/\/incie.org\/latam\/producto\/microsoft-excel-nivel-2\/\">Comprar curso<\/a><\/div>\n<\/div>\n<\/div>\n\n\n\n<div class=\"wp-block-column is-layout-flow wp-block-column-is-layout-flow\" style=\"flex-basis:25%\">\n<div class=\"wp-block-buttons is-content-justification-center is-layout-flex wp-container-core-buttons-is-layout-16018d1d wp-block-buttons-is-layout-flex\">\n<div class=\"wp-block-button has-custom-width wp-block-button__width-100\"><a class=\"wp-block-button__link\" href=\"https:\/\/incie.org\/latam\/producto\/microsoft-excel-nivel-2\/\">Comprar este curso<\/a><\/div>\n\n\n\n<div class=\"wp-block-button has-custom-width wp-block-button__width-100 is-style-outline is-style-outline--1\"><a class=\"wp-block-button__link\" href=\"https:\/\/incie.org\/latam\/contactenos\/\">Enviar un mensaje \u00bb<\/a><\/div>\n\n\n\n<div class=\"wp-block-button has-custom-width wp-block-button__width-100 is-style-outline is-style-outline--2\"><a class=\"wp-block-button__link\" href=\"https:\/\/api.whatsapp.com\/send?phone=+17052428940&amp;text=Hola,%20necesito%20m%C3%A1s%20informaci%C3%B3n.\">Enviar WhastApp \u00bb<\/a><\/div>\n<\/div>\n<\/div>\n<\/div>\n\n\n\n<p><\/p>\n","protected":false},"excerpt":{"rendered":"<p>Cursos T\u00e9cnicos Especializados \u00ab Ver todos los cursos t\u00e9cnicos Microsoft\u2026<\/p>\n","protected":false},"author":1,"featured_media":0,"parent":1239,"menu_order":0,"comment_status":"closed","ping_status":"closed","template":"","meta":{"nf_dc_page":"","om_disable_all_campaigns":false,"footnotes":""},"class_list":["post-1321","page","type-page","status-publish","hentry"],"yoast_head":"<!-- This site is optimized with the Yoast SEO plugin v27.4 - https:\/\/yoast.com\/product\/yoast-seo-wordpress\/ -->\n<title>Microsoft Excel Nivel 2 - Instituto para la competitividad, Innovaci\u00f3n y Desarrollo Empresarial<\/title>\n<meta name=\"robots\" content=\"index, follow, max-snippet:-1, max-image-preview:large, max-video-preview:-1\" \/>\n<link rel=\"canonical\" href=\"https:\/\/incie.org\/latam\/business-education\/cursos-tecnicos\/microsoft-excel-nivel-2\/\" \/>\n<meta property=\"og:locale\" content=\"es_ES\" \/>\n<meta property=\"og:type\" content=\"article\" \/>\n<meta property=\"og:title\" content=\"Microsoft Excel Nivel 2 - Instituto para la competitividad, Innovaci\u00f3n y Desarrollo Empresarial\" \/>\n<meta property=\"og:description\" content=\"Cursos T\u00e9cnicos Especializados \u00ab Ver todos los cursos t\u00e9cnicos Microsoft\u2026\" \/>\n<meta property=\"og:url\" content=\"https:\/\/incie.org\/latam\/business-education\/cursos-tecnicos\/microsoft-excel-nivel-2\/\" \/>\n<meta property=\"og:site_name\" content=\"Instituto para la competitividad, Innovaci\u00f3n y Desarrollo Empresarial\" \/>\n<meta property=\"article:modified_time\" content=\"2022-04-01T20:33:29+00:00\" \/>\n<meta property=\"og:image\" content=\"https:\/\/incie.org\/latam\/wp-content\/uploads\/2022\/04\/excel-001-01.jpg\" \/>\n<meta name=\"twitter:card\" content=\"summary_large_image\" \/>\n<meta name=\"twitter:label1\" content=\"Tiempo de lectura\" \/>\n\t<meta name=\"twitter:data1\" content=\"2 minutos\" \/>\n<script type=\"application\/ld+json\" class=\"yoast-schema-graph\">{\"@context\":\"https:\\\/\\\/schema.org\",\"@graph\":[{\"@type\":\"WebPage\",\"@id\":\"https:\\\/\\\/incie.org\\\/latam\\\/business-education\\\/cursos-tecnicos\\\/microsoft-excel-nivel-2\\\/\",\"url\":\"https:\\\/\\\/incie.org\\\/latam\\\/business-education\\\/cursos-tecnicos\\\/microsoft-excel-nivel-2\\\/\",\"name\":\"Microsoft Excel Nivel 2 - Instituto para la competitividad, Innovaci\u00f3n y Desarrollo Empresarial\",\"isPartOf\":{\"@id\":\"https:\\\/\\\/incie.org\\\/latam\\\/#website\"},\"primaryImageOfPage\":{\"@id\":\"https:\\\/\\\/incie.org\\\/latam\\\/business-education\\\/cursos-tecnicos\\\/microsoft-excel-nivel-2\\\/#primaryimage\"},\"image\":{\"@id\":\"https:\\\/\\\/incie.org\\\/latam\\\/business-education\\\/cursos-tecnicos\\\/microsoft-excel-nivel-2\\\/#primaryimage\"},\"thumbnailUrl\":\"https:\\\/\\\/incie.org\\\/latam\\\/wp-content\\\/uploads\\\/2022\\\/04\\\/excel-001-01.jpg\",\"datePublished\":\"2022-04-01T15:00:39+00:00\",\"dateModified\":\"2022-04-01T20:33:29+00:00\",\"breadcrumb\":{\"@id\":\"https:\\\/\\\/incie.org\\\/latam\\\/business-education\\\/cursos-tecnicos\\\/microsoft-excel-nivel-2\\\/#breadcrumb\"},\"inLanguage\":\"es\",\"potentialAction\":[{\"@type\":\"ReadAction\",\"target\":[\"https:\\\/\\\/incie.org\\\/latam\\\/business-education\\\/cursos-tecnicos\\\/microsoft-excel-nivel-2\\\/\"]}]},{\"@type\":\"ImageObject\",\"inLanguage\":\"es\",\"@id\":\"https:\\\/\\\/incie.org\\\/latam\\\/business-education\\\/cursos-tecnicos\\\/microsoft-excel-nivel-2\\\/#primaryimage\",\"url\":\"https:\\\/\\\/i0.wp.com\\\/incie.org\\\/latam\\\/wp-content\\\/uploads\\\/2022\\\/04\\\/excel-001-01.jpg?fit=660%2C200&ssl=1\",\"contentUrl\":\"https:\\\/\\\/i0.wp.com\\\/incie.org\\\/latam\\\/wp-content\\\/uploads\\\/2022\\\/04\\\/excel-001-01.jpg?fit=660%2C200&ssl=1\",\"width\":660,\"height\":200},{\"@type\":\"BreadcrumbList\",\"@id\":\"https:\\\/\\\/incie.org\\\/latam\\\/business-education\\\/cursos-tecnicos\\\/microsoft-excel-nivel-2\\\/#breadcrumb\",\"itemListElement\":[{\"@type\":\"ListItem\",\"position\":1,\"name\":\"Home\",\"item\":\"https:\\\/\\\/incie.org\\\/latam\\\/\"},{\"@type\":\"ListItem\",\"position\":2,\"name\":\"Business Education\",\"item\":\"https:\\\/\\\/incie.org\\\/latam\\\/business-education\\\/\"},{\"@type\":\"ListItem\",\"position\":3,\"name\":\"Cursos T\u00e9cnicos\",\"item\":\"https:\\\/\\\/incie.org\\\/latam\\\/business-education\\\/cursos-tecnicos\\\/\"},{\"@type\":\"ListItem\",\"position\":4,\"name\":\"Microsoft Excel Nivel 2\"}]},{\"@type\":\"WebSite\",\"@id\":\"https:\\\/\\\/incie.org\\\/latam\\\/#website\",\"url\":\"https:\\\/\\\/incie.org\\\/latam\\\/\",\"name\":\"Instituto para la competitividad, Innovaci\u00f3n y Desarrollo Empresarial\",\"description\":\"\",\"publisher\":{\"@id\":\"https:\\\/\\\/incie.org\\\/latam\\\/#organization\"},\"potentialAction\":[{\"@type\":\"SearchAction\",\"target\":{\"@type\":\"EntryPoint\",\"urlTemplate\":\"https:\\\/\\\/incie.org\\\/latam\\\/?s={search_term_string}\"},\"query-input\":{\"@type\":\"PropertyValueSpecification\",\"valueRequired\":true,\"valueName\":\"search_term_string\"}}],\"inLanguage\":\"es\"},{\"@type\":\"Organization\",\"@id\":\"https:\\\/\\\/incie.org\\\/latam\\\/#organization\",\"name\":\"Instituto para la competitividad, Innovaci\u00f3n y Desarrollo Empresarial\",\"url\":\"https:\\\/\\\/incie.org\\\/latam\\\/\",\"logo\":{\"@type\":\"ImageObject\",\"inLanguage\":\"es\",\"@id\":\"https:\\\/\\\/incie.org\\\/latam\\\/#\\\/schema\\\/logo\\\/image\\\/\",\"url\":\"https:\\\/\\\/i0.wp.com\\\/incie.org\\\/latam\\\/wp-content\\\/uploads\\\/2025\\\/12\\\/cropped-LOGOO-INCIE-AZUL-01-P.png?fit=185%2C45&ssl=1\",\"contentUrl\":\"https:\\\/\\\/i0.wp.com\\\/incie.org\\\/latam\\\/wp-content\\\/uploads\\\/2025\\\/12\\\/cropped-LOGOO-INCIE-AZUL-01-P.png?fit=185%2C45&ssl=1\",\"width\":185,\"height\":45,\"caption\":\"Instituto para la competitividad, Innovaci\u00f3n y Desarrollo Empresarial\"},\"image\":{\"@id\":\"https:\\\/\\\/incie.org\\\/latam\\\/#\\\/schema\\\/logo\\\/image\\\/\"}}]}<\/script>\n<!-- \/ Yoast SEO plugin. -->","yoast_head_json":{"title":"Microsoft Excel Nivel 2 - Instituto para la competitividad, Innovaci\u00f3n y Desarrollo Empresarial","robots":{"index":"index","follow":"follow","max-snippet":"max-snippet:-1","max-image-preview":"max-image-preview:large","max-video-preview":"max-video-preview:-1"},"canonical":"https:\/\/incie.org\/latam\/business-education\/cursos-tecnicos\/microsoft-excel-nivel-2\/","og_locale":"es_ES","og_type":"article","og_title":"Microsoft Excel Nivel 2 - Instituto para la competitividad, Innovaci\u00f3n y Desarrollo Empresarial","og_description":"Cursos T\u00e9cnicos Especializados \u00ab Ver todos los cursos t\u00e9cnicos Microsoft\u2026","og_url":"https:\/\/incie.org\/latam\/business-education\/cursos-tecnicos\/microsoft-excel-nivel-2\/","og_site_name":"Instituto para la competitividad, Innovaci\u00f3n y Desarrollo Empresarial","article_modified_time":"2022-04-01T20:33:29+00:00","og_image":[{"url":"https:\/\/incie.org\/latam\/wp-content\/uploads\/2022\/04\/excel-001-01.jpg","type":"","width":"","height":""}],"twitter_card":"summary_large_image","twitter_misc":{"Tiempo de lectura":"2 minutos"},"schema":{"@context":"https:\/\/schema.org","@graph":[{"@type":"WebPage","@id":"https:\/\/incie.org\/latam\/business-education\/cursos-tecnicos\/microsoft-excel-nivel-2\/","url":"https:\/\/incie.org\/latam\/business-education\/cursos-tecnicos\/microsoft-excel-nivel-2\/","name":"Microsoft Excel Nivel 2 - Instituto para la competitividad, Innovaci\u00f3n y Desarrollo Empresarial","isPartOf":{"@id":"https:\/\/incie.org\/latam\/#website"},"primaryImageOfPage":{"@id":"https:\/\/incie.org\/latam\/business-education\/cursos-tecnicos\/microsoft-excel-nivel-2\/#primaryimage"},"image":{"@id":"https:\/\/incie.org\/latam\/business-education\/cursos-tecnicos\/microsoft-excel-nivel-2\/#primaryimage"},"thumbnailUrl":"https:\/\/incie.org\/latam\/wp-content\/uploads\/2022\/04\/excel-001-01.jpg","datePublished":"2022-04-01T15:00:39+00:00","dateModified":"2022-04-01T20:33:29+00:00","breadcrumb":{"@id":"https:\/\/incie.org\/latam\/business-education\/cursos-tecnicos\/microsoft-excel-nivel-2\/#breadcrumb"},"inLanguage":"es","potentialAction":[{"@type":"ReadAction","target":["https:\/\/incie.org\/latam\/business-education\/cursos-tecnicos\/microsoft-excel-nivel-2\/"]}]},{"@type":"ImageObject","inLanguage":"es","@id":"https:\/\/incie.org\/latam\/business-education\/cursos-tecnicos\/microsoft-excel-nivel-2\/#primaryimage","url":"https:\/\/i0.wp.com\/incie.org\/latam\/wp-content\/uploads\/2022\/04\/excel-001-01.jpg?fit=660%2C200&ssl=1","contentUrl":"https:\/\/i0.wp.com\/incie.org\/latam\/wp-content\/uploads\/2022\/04\/excel-001-01.jpg?fit=660%2C200&ssl=1","width":660,"height":200},{"@type":"BreadcrumbList","@id":"https:\/\/incie.org\/latam\/business-education\/cursos-tecnicos\/microsoft-excel-nivel-2\/#breadcrumb","itemListElement":[{"@type":"ListItem","position":1,"name":"Home","item":"https:\/\/incie.org\/latam\/"},{"@type":"ListItem","position":2,"name":"Business Education","item":"https:\/\/incie.org\/latam\/business-education\/"},{"@type":"ListItem","position":3,"name":"Cursos T\u00e9cnicos","item":"https:\/\/incie.org\/latam\/business-education\/cursos-tecnicos\/"},{"@type":"ListItem","position":4,"name":"Microsoft Excel Nivel 2"}]},{"@type":"WebSite","@id":"https:\/\/incie.org\/latam\/#website","url":"https:\/\/incie.org\/latam\/","name":"Instituto para la competitividad, Innovaci\u00f3n y Desarrollo Empresarial","description":"","publisher":{"@id":"https:\/\/incie.org\/latam\/#organization"},"potentialAction":[{"@type":"SearchAction","target":{"@type":"EntryPoint","urlTemplate":"https:\/\/incie.org\/latam\/?s={search_term_string}"},"query-input":{"@type":"PropertyValueSpecification","valueRequired":true,"valueName":"search_term_string"}}],"inLanguage":"es"},{"@type":"Organization","@id":"https:\/\/incie.org\/latam\/#organization","name":"Instituto para la competitividad, Innovaci\u00f3n y Desarrollo Empresarial","url":"https:\/\/incie.org\/latam\/","logo":{"@type":"ImageObject","inLanguage":"es","@id":"https:\/\/incie.org\/latam\/#\/schema\/logo\/image\/","url":"https:\/\/i0.wp.com\/incie.org\/latam\/wp-content\/uploads\/2025\/12\/cropped-LOGOO-INCIE-AZUL-01-P.png?fit=185%2C45&ssl=1","contentUrl":"https:\/\/i0.wp.com\/incie.org\/latam\/wp-content\/uploads\/2025\/12\/cropped-LOGOO-INCIE-AZUL-01-P.png?fit=185%2C45&ssl=1","width":185,"height":45,"caption":"Instituto para la competitividad, Innovaci\u00f3n y Desarrollo Empresarial"},"image":{"@id":"https:\/\/incie.org\/latam\/#\/schema\/logo\/image\/"}}]}},"jetpack_sharing_enabled":true,"_links":{"self":[{"href":"https:\/\/incie.org\/latam\/wp-json\/wp\/v2\/pages\/1321","targetHints":{"allow":["GET"]}}],"collection":[{"href":"https:\/\/incie.org\/latam\/wp-json\/wp\/v2\/pages"}],"about":[{"href":"https:\/\/incie.org\/latam\/wp-json\/wp\/v2\/types\/page"}],"author":[{"embeddable":true,"href":"https:\/\/incie.org\/latam\/wp-json\/wp\/v2\/users\/1"}],"replies":[{"embeddable":true,"href":"https:\/\/incie.org\/latam\/wp-json\/wp\/v2\/comments?post=1321"}],"version-history":[{"count":5,"href":"https:\/\/incie.org\/latam\/wp-json\/wp\/v2\/pages\/1321\/revisions"}],"predecessor-version":[{"id":1370,"href":"https:\/\/incie.org\/latam\/wp-json\/wp\/v2\/pages\/1321\/revisions\/1370"}],"up":[{"embeddable":true,"href":"https:\/\/incie.org\/latam\/wp-json\/wp\/v2\/pages\/1239"}],"wp:attachment":[{"href":"https:\/\/incie.org\/latam\/wp-json\/wp\/v2\/media?parent=1321"}],"curies":[{"name":"wp","href":"https:\/\/api.w.org\/{rel}","templated":true}]}}