{"id":1239,"date":"2022-03-31T21:33:23","date_gmt":"2022-03-31T21:33:23","guid":{"rendered":"https:\/\/incie.org\/latam\/?page_id=1239"},"modified":"2023-01-31T21:47:15","modified_gmt":"2023-01-31T21:47:15","slug":"cursos-tecnicos","status":"publish","type":"page","link":"https:\/\/incie.org\/latam\/business-education\/cursos-tecnicos\/","title":{"rendered":"Cursos T\u00e9cnicos"},"content":{"rendered":"\n<div class=\"wp-block-columns is-layout-flex wp-container-core-columns-is-layout-9d6595d7 wp-block-columns-is-layout-flex\">\n<div class=\"wp-block-column is-layout-flow wp-block-column-is-layout-flow\" style=\"flex-basis:20%\">\n<h2 class=\"has-text-align-right wp-block-heading\" style=\"font-style:normal;font-weight:300\">Cursos T\u00e9cnicos Especializados<\/h2>\n\n\n\n<p class=\"has-text-align-right\"><a href=\"https:\/\/incie.org\/latam\/business-education\/\">\u00ab Ir a Business education<\/a><\/p>\n<\/div>\n\n\n\n<div class=\"wp-block-column is-layout-flow wp-block-column-is-layout-flow\" style=\"flex-basis:55%\">\n<h2 class=\"wp-block-heading\" style=\"font-style:normal;font-weight:300\">Cursos t\u00e9cnicos de corta duraci\u00f3n, 100% Online, focalizados en \u00e1reas de gesti\u00f3n empresarial, actualizados de acuerdo a las \u00faltimas demandas  orientados a la pr\u00e1ctica.<\/h2>\n\n\n\n<p>Transforme su vida profesional con nuestros cursos t\u00e9cnicos que lo llevan directamente a mejorar sus conocimientos t\u00e9cnicos y le brindan habilidades pr\u00e1cticas que puede usar tanto de inmediato como a largo plazo.<\/p>\n\n\n\n<p><strong><a href=\"https:\/\/incie.org\/latam\/business-education\/cursos-tecnicos\/microsoft-excel-nivel-1\/\">01. Curso de Microsoft Excel &#8211; Nivel 1 <\/a><\/strong><\/p>\n\n\n\n<p><strong><a href=\"https:\/\/incie.org\/latam\/business-education\/cursos-tecnicos\/diplomado-tecnico-administrativo-contable\/\">02. Diplomado T\u00e9cnico Administrativo Contable <\/a><\/strong><\/p>\n\n\n\n<p><a href=\"https:\/\/incie.org\/latam\/business-education\/cursos-tecnicos\/diplomado-tecnico-en-especializacion-en-ventas-y-tecnicas-de-negociacion\/\"><strong>03. Diplomado T\u00e9cnico Especializaci\u00f3n en Ventas y t\u00e9cnicas de negociaci\u00f3n <\/strong><\/a><\/p>\n\n\n\n<p><strong><a href=\"https:\/\/incie.org\/latam\/business-education\/cursos-tecnicos\/aplicaciones-de-oficina-para-la-productividad\/\">04. Diplomado en Aplicaciones de Oficina para la Productividad<\/a><\/strong><\/p>\n\n\n\n<p><a href=\"https:\/\/incie.org\/latam\/business-education\/cursos-tecnicos\/diplomado-diseno-estrategico-publicitario\/\"><strong>05. Diplomado en Dise\u00f1o Publicitario Estrat\u00e9gico<\/strong><\/a><\/p>\n\n\n\n<p><strong><a href=\"https:\/\/incie.org\/latam\/business-education\/cursos-tecnicos\/diplomado-en-marketing-social-y-diseno-estrategico\/\">06. Diplomado en Marketing Social y Dise\u00f1o Estrat\u00e9gico<\/a><\/strong><\/p>\n\n\n\n<p><\/p>\n\n\n\n<p><\/p>\n<\/div>\n\n\n\n<div class=\"wp-block-column is-layout-flow wp-block-column-is-layout-flow\" style=\"flex-basis:25%\">\n<figure class=\"wp-block-image size-full\"><img data-recalc-dims=\"1\" decoding=\"async\" width=\"300\" height=\"500\" loading=\"lazy\" src=\"https:\/\/i0.wp.com\/incie.org\/latam\/wp-content\/uploads\/2022\/04\/x002-2.jpg?resize=300%2C500&#038;ssl=1\" alt=\"\" class=\"wp-image-1267\" srcset=\"https:\/\/i0.wp.com\/incie.org\/latam\/wp-content\/uploads\/2022\/04\/x002-2.jpg?w=300&amp;ssl=1 300w, https:\/\/i0.wp.com\/incie.org\/latam\/wp-content\/uploads\/2022\/04\/x002-2.jpg?resize=180%2C300&amp;ssl=1 180w\" sizes=\"auto, (max-width: 300px) 100vw, 300px\" \/><\/figure>\n<\/div>\n<\/div>\n","protected":false},"excerpt":{"rendered":"<p>Cursos T\u00e9cnicos Especializados \u00ab Ir a Business education Cursos t\u00e9cnicos\u2026<\/p>\n","protected":false},"author":1,"featured_media":0,"parent":179,"menu_order":0,"comment_status":"closed","ping_status":"closed","template":"","meta":{"nf_dc_page":"","om_disable_all_campaigns":false,"footnotes":""},"class_list":["post-1239","page","type-page","status-publish","hentry"],"yoast_head":"<!-- This site is optimized with the Yoast SEO plugin v27.5 - https:\/\/yoast.com\/product\/yoast-seo-wordpress\/ -->\n<title>Cursos T\u00e9cnicos - Instituto para la competitividad, Innovaci\u00f3n y Desarrollo Empresarial<\/title>\n<meta name=\"robots\" content=\"index, follow, max-snippet:-1, max-image-preview:large, max-video-preview:-1\" \/>\n<link rel=\"canonical\" href=\"https:\/\/incie.org\/latam\/business-education\/cursos-tecnicos\/\" \/>\n<meta property=\"og:locale\" content=\"es_ES\" \/>\n<meta property=\"og:type\" content=\"article\" \/>\n<meta property=\"og:title\" content=\"Cursos T\u00e9cnicos - Instituto para la competitividad, Innovaci\u00f3n y Desarrollo Empresarial\" \/>\n<meta property=\"og:description\" content=\"Cursos T\u00e9cnicos Especializados \u00ab Ir a Business education Cursos t\u00e9cnicos\u2026\" \/>\n<meta property=\"og:url\" content=\"https:\/\/incie.org\/latam\/business-education\/cursos-tecnicos\/\" \/>\n<meta property=\"og:site_name\" content=\"Instituto para la competitividad, Innovaci\u00f3n y Desarrollo Empresarial\" \/>\n<meta property=\"article:modified_time\" content=\"2023-01-31T21:47:15+00:00\" \/>\n<meta property=\"og:image\" content=\"https:\/\/incie.org\/latam\/wp-content\/uploads\/2022\/04\/x002-2.jpg\" \/>\n<meta name=\"twitter:card\" content=\"summary_large_image\" \/>\n<meta name=\"twitter:label1\" content=\"Tiempo de lectura\" \/>\n\t<meta name=\"twitter:data1\" content=\"1 minuto\" \/>\n<script type=\"application\/ld+json\" class=\"yoast-schema-graph\">{\"@context\":\"https:\\\/\\\/schema.org\",\"@graph\":[{\"@type\":\"WebPage\",\"@id\":\"https:\\\/\\\/incie.org\\\/latam\\\/business-education\\\/cursos-tecnicos\\\/\",\"url\":\"https:\\\/\\\/incie.org\\\/latam\\\/business-education\\\/cursos-tecnicos\\\/\",\"name\":\"Cursos T\u00e9cnicos - Instituto para la competitividad, Innovaci\u00f3n y Desarrollo Empresarial\",\"isPartOf\":{\"@id\":\"https:\\\/\\\/incie.org\\\/latam\\\/#website\"},\"primaryImageOfPage\":{\"@id\":\"https:\\\/\\\/incie.org\\\/latam\\\/business-education\\\/cursos-tecnicos\\\/#primaryimage\"},\"image\":{\"@id\":\"https:\\\/\\\/incie.org\\\/latam\\\/business-education\\\/cursos-tecnicos\\\/#primaryimage\"},\"thumbnailUrl\":\"https:\\\/\\\/incie.org\\\/latam\\\/wp-content\\\/uploads\\\/2022\\\/04\\\/x002-2.jpg\",\"datePublished\":\"2022-03-31T21:33:23+00:00\",\"dateModified\":\"2023-01-31T21:47:15+00:00\",\"breadcrumb\":{\"@id\":\"https:\\\/\\\/incie.org\\\/latam\\\/business-education\\\/cursos-tecnicos\\\/#breadcrumb\"},\"inLanguage\":\"es\",\"potentialAction\":[{\"@type\":\"ReadAction\",\"target\":[\"https:\\\/\\\/incie.org\\\/latam\\\/business-education\\\/cursos-tecnicos\\\/\"]}]},{\"@type\":\"ImageObject\",\"inLanguage\":\"es\",\"@id\":\"https:\\\/\\\/incie.org\\\/latam\\\/business-education\\\/cursos-tecnicos\\\/#primaryimage\",\"url\":\"https:\\\/\\\/i0.wp.com\\\/incie.org\\\/latam\\\/wp-content\\\/uploads\\\/2022\\\/04\\\/x002-2.jpg?fit=300%2C500&ssl=1\",\"contentUrl\":\"https:\\\/\\\/i0.wp.com\\\/incie.org\\\/latam\\\/wp-content\\\/uploads\\\/2022\\\/04\\\/x002-2.jpg?fit=300%2C500&ssl=1\",\"width\":300,\"height\":500},{\"@type\":\"BreadcrumbList\",\"@id\":\"https:\\\/\\\/incie.org\\\/latam\\\/business-education\\\/cursos-tecnicos\\\/#breadcrumb\",\"itemListElement\":[{\"@type\":\"ListItem\",\"position\":1,\"name\":\"Home\",\"item\":\"https:\\\/\\\/incie.org\\\/latam\\\/\"},{\"@type\":\"ListItem\",\"position\":2,\"name\":\"Business Education\",\"item\":\"https:\\\/\\\/incie.org\\\/latam\\\/business-education\\\/\"},{\"@type\":\"ListItem\",\"position\":3,\"name\":\"Cursos T\u00e9cnicos\"}]},{\"@type\":\"WebSite\",\"@id\":\"https:\\\/\\\/incie.org\\\/latam\\\/#website\",\"url\":\"https:\\\/\\\/incie.org\\\/latam\\\/\",\"name\":\"Instituto para la competitividad, Innovaci\u00f3n y Desarrollo Empresarial\",\"description\":\"\",\"publisher\":{\"@id\":\"https:\\\/\\\/incie.org\\\/latam\\\/#organization\"},\"potentialAction\":[{\"@type\":\"SearchAction\",\"target\":{\"@type\":\"EntryPoint\",\"urlTemplate\":\"https:\\\/\\\/incie.org\\\/latam\\\/?s={search_term_string}\"},\"query-input\":{\"@type\":\"PropertyValueSpecification\",\"valueRequired\":true,\"valueName\":\"search_term_string\"}}],\"inLanguage\":\"es\"},{\"@type\":\"Organization\",\"@id\":\"https:\\\/\\\/incie.org\\\/latam\\\/#organization\",\"name\":\"Instituto para la competitividad, Innovaci\u00f3n y Desarrollo Empresarial\",\"url\":\"https:\\\/\\\/incie.org\\\/latam\\\/\",\"logo\":{\"@type\":\"ImageObject\",\"inLanguage\":\"es\",\"@id\":\"https:\\\/\\\/incie.org\\\/latam\\\/#\\\/schema\\\/logo\\\/image\\\/\",\"url\":\"https:\\\/\\\/i0.wp.com\\\/incie.org\\\/latam\\\/wp-content\\\/uploads\\\/2025\\\/12\\\/cropped-LOGOO-INCIE-AZUL-01-P.png?fit=185%2C45&ssl=1\",\"contentUrl\":\"https:\\\/\\\/i0.wp.com\\\/incie.org\\\/latam\\\/wp-content\\\/uploads\\\/2025\\\/12\\\/cropped-LOGOO-INCIE-AZUL-01-P.png?fit=185%2C45&ssl=1\",\"width\":185,\"height\":45,\"caption\":\"Instituto para la competitividad, Innovaci\u00f3n y Desarrollo Empresarial\"},\"image\":{\"@id\":\"https:\\\/\\\/incie.org\\\/latam\\\/#\\\/schema\\\/logo\\\/image\\\/\"}}]}<\/script>\n<!-- \/ Yoast SEO plugin. -->","yoast_head_json":{"title":"Cursos T\u00e9cnicos - Instituto para la competitividad, Innovaci\u00f3n y Desarrollo Empresarial","robots":{"index":"index","follow":"follow","max-snippet":"max-snippet:-1","max-image-preview":"max-image-preview:large","max-video-preview":"max-video-preview:-1"},"canonical":"https:\/\/incie.org\/latam\/business-education\/cursos-tecnicos\/","og_locale":"es_ES","og_type":"article","og_title":"Cursos T\u00e9cnicos - Instituto para la competitividad, Innovaci\u00f3n y Desarrollo Empresarial","og_description":"Cursos T\u00e9cnicos Especializados \u00ab Ir a Business education Cursos t\u00e9cnicos\u2026","og_url":"https:\/\/incie.org\/latam\/business-education\/cursos-tecnicos\/","og_site_name":"Instituto para la competitividad, Innovaci\u00f3n y Desarrollo Empresarial","article_modified_time":"2023-01-31T21:47:15+00:00","og_image":[{"url":"https:\/\/incie.org\/latam\/wp-content\/uploads\/2022\/04\/x002-2.jpg","type":"","width":"","height":""}],"twitter_card":"summary_large_image","twitter_misc":{"Tiempo de lectura":"1 minuto"},"schema":{"@context":"https:\/\/schema.org","@graph":[{"@type":"WebPage","@id":"https:\/\/incie.org\/latam\/business-education\/cursos-tecnicos\/","url":"https:\/\/incie.org\/latam\/business-education\/cursos-tecnicos\/","name":"Cursos T\u00e9cnicos - Instituto para la competitividad, Innovaci\u00f3n y Desarrollo Empresarial","isPartOf":{"@id":"https:\/\/incie.org\/latam\/#website"},"primaryImageOfPage":{"@id":"https:\/\/incie.org\/latam\/business-education\/cursos-tecnicos\/#primaryimage"},"image":{"@id":"https:\/\/incie.org\/latam\/business-education\/cursos-tecnicos\/#primaryimage"},"thumbnailUrl":"https:\/\/incie.org\/latam\/wp-content\/uploads\/2022\/04\/x002-2.jpg","datePublished":"2022-03-31T21:33:23+00:00","dateModified":"2023-01-31T21:47:15+00:00","breadcrumb":{"@id":"https:\/\/incie.org\/latam\/business-education\/cursos-tecnicos\/#breadcrumb"},"inLanguage":"es","potentialAction":[{"@type":"ReadAction","target":["https:\/\/incie.org\/latam\/business-education\/cursos-tecnicos\/"]}]},{"@type":"ImageObject","inLanguage":"es","@id":"https:\/\/incie.org\/latam\/business-education\/cursos-tecnicos\/#primaryimage","url":"https:\/\/i0.wp.com\/incie.org\/latam\/wp-content\/uploads\/2022\/04\/x002-2.jpg?fit=300%2C500&ssl=1","contentUrl":"https:\/\/i0.wp.com\/incie.org\/latam\/wp-content\/uploads\/2022\/04\/x002-2.jpg?fit=300%2C500&ssl=1","width":300,"height":500},{"@type":"BreadcrumbList","@id":"https:\/\/incie.org\/latam\/business-education\/cursos-tecnicos\/#breadcrumb","itemListElement":[{"@type":"ListItem","position":1,"name":"Home","item":"https:\/\/incie.org\/latam\/"},{"@type":"ListItem","position":2,"name":"Business Education","item":"https:\/\/incie.org\/latam\/business-education\/"},{"@type":"ListItem","position":3,"name":"Cursos T\u00e9cnicos"}]},{"@type":"WebSite","@id":"https:\/\/incie.org\/latam\/#website","url":"https:\/\/incie.org\/latam\/","name":"Instituto para la competitividad, Innovaci\u00f3n y Desarrollo Empresarial","description":"","publisher":{"@id":"https:\/\/incie.org\/latam\/#organization"},"potentialAction":[{"@type":"SearchAction","target":{"@type":"EntryPoint","urlTemplate":"https:\/\/incie.org\/latam\/?s={search_term_string}"},"query-input":{"@type":"PropertyValueSpecification","valueRequired":true,"valueName":"search_term_string"}}],"inLanguage":"es"},{"@type":"Organization","@id":"https:\/\/incie.org\/latam\/#organization","name":"Instituto para la competitividad, Innovaci\u00f3n y Desarrollo Empresarial","url":"https:\/\/incie.org\/latam\/","logo":{"@type":"ImageObject","inLanguage":"es","@id":"https:\/\/incie.org\/latam\/#\/schema\/logo\/image\/","url":"https:\/\/i0.wp.com\/incie.org\/latam\/wp-content\/uploads\/2025\/12\/cropped-LOGOO-INCIE-AZUL-01-P.png?fit=185%2C45&ssl=1","contentUrl":"https:\/\/i0.wp.com\/incie.org\/latam\/wp-content\/uploads\/2025\/12\/cropped-LOGOO-INCIE-AZUL-01-P.png?fit=185%2C45&ssl=1","width":185,"height":45,"caption":"Instituto para la competitividad, Innovaci\u00f3n y Desarrollo Empresarial"},"image":{"@id":"https:\/\/incie.org\/latam\/#\/schema\/logo\/image\/"}}]}},"jetpack_sharing_enabled":true,"_links":{"self":[{"href":"https:\/\/incie.org\/latam\/wp-json\/wp\/v2\/pages\/1239","targetHints":{"allow":["GET"]}}],"collection":[{"href":"https:\/\/incie.org\/latam\/wp-json\/wp\/v2\/pages"}],"about":[{"href":"https:\/\/incie.org\/latam\/wp-json\/wp\/v2\/types\/page"}],"author":[{"embeddable":true,"href":"https:\/\/incie.org\/latam\/wp-json\/wp\/v2\/users\/1"}],"replies":[{"embeddable":true,"href":"https:\/\/incie.org\/latam\/wp-json\/wp\/v2\/comments?post=1239"}],"version-history":[{"count":5,"href":"https:\/\/incie.org\/latam\/wp-json\/wp\/v2\/pages\/1239\/revisions"}],"predecessor-version":[{"id":1657,"href":"https:\/\/incie.org\/latam\/wp-json\/wp\/v2\/pages\/1239\/revisions\/1657"}],"up":[{"embeddable":true,"href":"https:\/\/incie.org\/latam\/wp-json\/wp\/v2\/pages\/179"}],"wp:attachment":[{"href":"https:\/\/incie.org\/latam\/wp-json\/wp\/v2\/media?parent=1239"}],"curies":[{"name":"wp","href":"https:\/\/api.w.org\/{rel}","templated":true}]}}